{"id":7485,"date":"2022-05-23T20:10:18","date_gmt":"2022-05-23T18:10:18","guid":{"rendered":"https:\/\/ajrest.pl\/sklep\/?post_type=product&#038;p=7485"},"modified":"2026-03-24T22:05:56","modified_gmt":"2026-03-24T21:05:56","slug":"rolletic-basic-4","status":"publish","type":"product","link":"https:\/\/ajrest.pl\/sklep\/produkt\/rolletic-basic-4\/","title":{"rendered":"Rollmasa\u017cer Basic <br><br>"},"content":{"rendered":"<h2><strong>Rollmasa\u017cer Basic \u2013 prosty i skuteczny masa\u017c rolkowy w domu i nie tylko<\/strong><\/h2>\n<p>Rollmasa\u017cer Basic to funkcjonalne urz\u0105dzenie do masa\u017cu rolkowego, stworzone przede wszystkim z my\u015bl\u0105 o wygodnym u\u017cytkowaniu w domu.<br \/>\nDzi\u0119ki prostej obs\u0142udze i solidnej konstrukcji pozwala wykonywa\u0107 rollmasa\u017c regularnie, bez konieczno\u015bci wizyt w salonie.<\/p>\n<h2>Najwa\u017cniejsze zalety rollmasa\u017cera do samodzielnego masa\u017cu ajRest<\/h2>\n<p>Do najwa\u017cniejszych zalet rollmasa\u017cera BASIC nale\u017c\u0105:<\/p>\n<ul>\n<li>\u0142atwa i intuicyjna obs\u0142uga &#8211; mo\u017cliwo\u015b\u0107 samodzielnego korzystania,<\/li>\n<li>obroty w obu kierunkach,<\/li>\n<li>niski pob\u00f3r pr\u0105du,<\/li>\n<li>p\u0142ynna regulacja pracy urz\u0105dzenia,<\/li>\n<li>polski producent,<\/li>\n<li>gwarancja &#8211; 24 miesi\u0119cy do u\u017cytku indywidualnego, 12 miesi\u0119cy dla komercyjnego,<\/li>\n<li>solidne wykonanie z trwa\u0142ych materia\u0142\u00f3w,<\/li>\n<li>wiele wariant\u00f3w kolorystycznych,<\/li>\n<li>wyko\u0144czenie w welurze lub eko-sk\u00f3rze,<\/li>\n<li>mo\u017cliwo\u015b\u0107 personalizacji Twojego<a href=\"https:\/\/ajrest.pl\/sklep\/produkt\/rollmasaz-konfigurator\/\"> urz\u0105dzenia do rollmasa\u017cu<\/a>.<\/li>\n<\/ul>\n<h2>Dodatkowo w sk\u0142ad zestawu do masa\u017cu rolkowego gratis dodajemy<\/h2>\n<p>Poni\u017csze dodatki do zestawu znajdziesz w ka\u017cdej przesy\u0142ce bez dodatkowej op\u0142aty:<\/p>\n<ul>\n<li>sto\u0142ek (48 \u00d7 48 \u00d7 39 cm)<\/li>\n<li>mata (48 \u00d7 48 \u00d7 3 cm)<\/li>\n<li>plakat z pozycjami masa\u017cu<\/li>\n<li>plakat z czasami masa\u017cu<\/li>\n<\/ul>\n<h2>Dane techniczne naszego urz\u0105dzenia rolletic<\/h2>\n<p>Do najwa\u017cniejszych parametr\u00f3w technicznych urz\u0105dzenia do masa\u017cu rolkowego Basic nale\u017c\u0105:<\/p>\n<ul>\n<li>wymiary (d\u0142.\/szer.\/wys.): 90 \/ 56 \/ 75 cm<\/li>\n<li>waga: 75 kg<\/li>\n<li>ud\u017awig b\u0119bna: 250 kg<\/li>\n<li>zasilanie: 230V \/ 50Hz<\/li>\n<li>moc: 550W (zale\u017cna od obci\u0105\u017cenia)<\/li>\n<li>silnik z ch\u0142odzeniem<\/li>\n<li>zabezpieczenie przed przeci\u0105\u017ceniem<\/li>\n<li>zabezpieczenie przed wci\u0105gni\u0119ciem<\/li>\n<li>mo\u017cliwo\u015b\u0107 zatrzymania b\u0119bna<\/li>\n<li>brak lamp \u2013 klasyczny<a href=\"https:\/\/ajrest.pl\/o-masazu\/\"> rollmasa\u017c<\/a> mechaniczny<\/li>\n<\/ul>\n<h2>Konstrukcja i materia\u0142y rollmasa\u017cera Basic (mechanicznego)<\/h2>\n<p>Wszystkie materia\u0142y, z kt\u00f3rych wykonano nasze urz\u0105dzenie typu rolletic s\u0105 bezpieczne i trwa\u0142e, a konstrukcja jest stabilna.<\/p>\n<p>S\u0105 to:<\/p>\n<ul>\n<li>elementy metale wycinane metod\u0105 CNC, malowane proszkowo,<\/li>\n<li>rolki z drewna bukowego,<\/li>\n<li>wyko\u0144czenie w ekosk\u00f3rze lub welurze.<\/li>\n<\/ul>\n<h2>Warianty i personalizacja<\/h2>\n<p>Rollmasa\u017cer domowy Basic dost\u0119pny jest w r\u00f3\u017cnych wariantach wyko\u0144czenia i kolorach, dzi\u0119ki czemu dopasujesz go do swojego wn\u0119trza.<\/p>\n<ul>\n<li>r\u00f3\u017cne wersje kolorystyczne urz\u0105dzenia,<\/li>\n<li>r\u00f3\u017cne warianty rolek (naturalne, bejcowane, bia\u0142e, czarne i mieszane).<\/li>\n<\/ul>\n<p>Przy zam\u00f3wieniu nale\u017cy poda\u0107:<\/p>\n<ul>\n<li>kolor podstawowy (boki, prz\u00f3d, ty\u0142)<\/li>\n<li>kolor dodatkowy (pod\u0142okietniki, mata, siedzisko)<\/li>\n<li>wybrany wariant rolek<\/li>\n<\/ul>\n<p>Je\u015bli szukasz rozwi\u0105zania bardziej zaawansowanego, mo\u017cesz wypr\u00f3bowa\u0107<a href=\"https:\/\/ajrest.pl\/sklep\/produkt\/rollmasaz-z-podczerwienia-i-kolagenem-kopia-kopia\/\"> rollmasa\u017cer z podczerwieni\u0105 i kolagenem typu Standard.<\/a><\/p>\n","protected":false},"excerpt":{"rendered":"<p>Rollmasa\u017cer Basic \u2013 prosty i skuteczny masa\u017c rolkowy w domu i nie tylko Rollmasa\u017cer Basic to funkcjonalne urz\u0105dzenie do masa\u017cu rolkowego, stworzone przede wszystkim z my\u015bl\u0105 o wygodnym u\u017cytkowaniu w domu. Dzi\u0119ki prostej obs\u0142udze i solidnej konstrukcji pozwala wykonywa\u0107 rollmasa\u017c regularnie, bez konieczno\u015bci wizyt w salonie. Najwa\u017cniejsze zalety rollmasa\u017cera do samodzielnego masa\u017cu ajRest Do najwa\u017cniejszych [&hellip;]<\/p>\n","protected":false},"featured_media":8894,"template":"","meta":{"_acf_changed":false},"product_brand":[],"product_cat":[82,17],"product_tag":[],"class_list":{"0":"post-7485","1":"product","2":"type-product","3":"status-publish","4":"has-post-thumbnail","6":"product_cat-basic","7":"product_cat-rollmasazery","9":"first","10":"instock","11":"featured","12":"taxable","13":"shipping-taxable","14":"purchasable","15":"product-type-simple"},"acf":[],"yoast_head":"<!-- This site is optimized with the Yoast SEO plugin v27.0 - https:\/\/yoast.com\/product\/yoast-seo-wordpress\/ -->\n<title>Rollmasa\u017cer Basic  | ajRest.pl<\/title>\n<meta name=\"description\" content=\"Domowy rollmasa\u017cer Basic (sterowanie manualne, bez lamp). Wiele wariant\u00f3w kolorystycznych. Prosto od producenta. Sprzeda\u017c i wynajem.\" \/>\n<meta name=\"robots\" content=\"index, follow, max-snippet:-1, max-image-preview:large, max-video-preview:-1\" \/>\n<link rel=\"canonical\" href=\"https:\/\/ajrest.pl\/sklep\/produkt\/rolletic-basic-4\/\" \/>\n<meta property=\"og:locale\" content=\"pl_PL\" \/>\n<meta property=\"og:type\" content=\"article\" \/>\n<meta property=\"og:title\" content=\"Rollmasa\u017cer Basic  | ajRest.pl\" \/>\n<meta property=\"og:description\" content=\"Domowy rollmasa\u017cer Basic (sterowanie manualne, bez lamp). Wiele wariant\u00f3w kolorystycznych. Prosto od producenta. Sprzeda\u017c i wynajem.\" \/>\n<meta property=\"og:url\" content=\"https:\/\/ajrest.pl\/sklep\/produkt\/rolletic-basic-4\/\" \/>\n<meta property=\"og:site_name\" content=\"Producent Rollmasa\u017cy - Sklep Sprzeda\u017c i Wynajem - Rollmasa\u017c, Roller, Roletic, Masa\u017c, Masa\u017c Limfatyczny, Studio Figura, Masa\u017cer, Producent rollmasa\u017cy, Rolki, Urz\u0105dzenia do Masa\u017cu, Drena\u017c Limfatyczny\" \/>\n<meta property=\"article:modified_time\" content=\"2026-03-24T21:05:56+00:00\" \/>\n<meta property=\"og:image\" content=\"https:\/\/ajrest.pl\/sklep\/wp-content\/uploads\/sites\/2\/2023\/10\/1_A_GALERIA-1024x1024.png\" \/>\n\t<meta property=\"og:image:width\" content=\"1024\" \/>\n\t<meta property=\"og:image:height\" content=\"1024\" \/>\n\t<meta property=\"og:image:type\" content=\"image\/png\" \/>\n<meta name=\"twitter:card\" content=\"summary_large_image\" \/>\n<meta name=\"twitter:label1\" content=\"Szacowany czas czytania\" \/>\n\t<meta name=\"twitter:data1\" content=\"3 minuty\" \/>\n<script type=\"application\/ld+json\" class=\"yoast-schema-graph\">{\"@context\":\"https:\/\/schema.org\",\"@graph\":[{\"@type\":\"WebPage\",\"@id\":\"https:\/\/ajrest.pl\/sklep\/produkt\/rolletic-basic-4\/\",\"url\":\"https:\/\/ajrest.pl\/sklep\/produkt\/rolletic-basic-4\/\",\"name\":\"Rollmasa\u017cer Basic | ajRest.pl\",\"isPartOf\":{\"@id\":\"https:\/\/ajrest.pl\/sklep\/#website\"},\"primaryImageOfPage\":{\"@id\":\"https:\/\/ajrest.pl\/sklep\/produkt\/rolletic-basic-4\/#primaryimage\"},\"image\":{\"@id\":\"https:\/\/ajrest.pl\/sklep\/produkt\/rolletic-basic-4\/#primaryimage\"},\"thumbnailUrl\":\"https:\/\/ajrest.pl\/sklep\/wp-content\/uploads\/sites\/2\/2023\/10\/1_A_GALERIA.png\",\"datePublished\":\"2022-05-23T18:10:18+00:00\",\"dateModified\":\"2026-03-24T21:05:56+00:00\",\"description\":\"Domowy rollmasa\u017cer Basic (sterowanie manualne, bez lamp). Wiele wariant\u00f3w kolorystycznych. Prosto od producenta. Sprzeda\u017c i wynajem.\",\"breadcrumb\":{\"@id\":\"https:\/\/ajrest.pl\/sklep\/produkt\/rolletic-basic-4\/#breadcrumb\"},\"inLanguage\":\"pl-PL\",\"potentialAction\":[{\"@type\":\"ReadAction\",\"target\":[\"https:\/\/ajrest.pl\/sklep\/produkt\/rolletic-basic-4\/\"]}]},{\"@type\":\"ImageObject\",\"inLanguage\":\"pl-PL\",\"@id\":\"https:\/\/ajrest.pl\/sklep\/produkt\/rolletic-basic-4\/#primaryimage\",\"url\":\"https:\/\/ajrest.pl\/sklep\/wp-content\/uploads\/sites\/2\/2023\/10\/1_A_GALERIA.png\",\"contentUrl\":\"https:\/\/ajrest.pl\/sklep\/wp-content\/uploads\/sites\/2\/2023\/10\/1_A_GALERIA.png\",\"width\":2560,\"height\":2560,\"caption\":\"rolka masaz\"},{\"@type\":\"BreadcrumbList\",\"@id\":\"https:\/\/ajrest.pl\/sklep\/produkt\/rolletic-basic-4\/#breadcrumb\",\"itemListElement\":[{\"@type\":\"ListItem\",\"position\":1,\"name\":\"Strona g\u0142\u00f3wna\",\"item\":\"https:\/\/ajrest.pl\/sklep\/\"},{\"@type\":\"ListItem\",\"position\":2,\"name\":\"Shop\",\"item\":\"https:\/\/ajrest.pl\/sklep\/\"},{\"@type\":\"ListItem\",\"position\":3,\"name\":\"Rollmasa\u017cer Basic\"}]},{\"@type\":\"WebSite\",\"@id\":\"https:\/\/ajrest.pl\/sklep\/#website\",\"url\":\"https:\/\/ajrest.pl\/sklep\/\",\"name\":\"Producent Rollmasa\u017cy - Sklep Sprzeda\u017c i Wynajem - Rollmasa\u017c, Roller, Roletic, Masa\u017c, Masa\u017c Limfatyczny, Studio Figura, Masa\u017cer, Producent rollmasa\u017cy, Rolki, Urz\u0105dzenia do Masa\u017cu, Drena\u017c Limfatyczny\",\"description\":\"Producent Rollmasa\u017cer\u00f3w - Sklep Sprzeda\u017c i Wynajem - Rollmasa\u017c, Roller, Roletic, Masa\u017c, Studio Figura, Masa\u017c Limfatyczny, Masa\u017cer, Producent rollmasa\u017cy, Rolki, Urz\u0105dzenia do Masa\u017cu, Drena\u017c Limfatyczny\",\"publisher\":{\"@id\":\"https:\/\/ajrest.pl\/sklep\/#organization\"},\"potentialAction\":[{\"@type\":\"SearchAction\",\"target\":{\"@type\":\"EntryPoint\",\"urlTemplate\":\"https:\/\/ajrest.pl\/sklep\/?s={search_term_string}\"},\"query-input\":{\"@type\":\"PropertyValueSpecification\",\"valueRequired\":true,\"valueName\":\"search_term_string\"}}],\"inLanguage\":\"pl-PL\"},{\"@type\":\"Organization\",\"@id\":\"https:\/\/ajrest.pl\/sklep\/#organization\",\"name\":\"Producent Rollmasa\u017cy - Sklep Sprzeda\u017c i Wynajem - Rollmasa\u017c, Roller, Roletic, Masa\u017c, Masa\u017c Limfatyczny, Studio Figura, Masa\u017cer, Producent rollmasa\u017cy, Rolki, Urz\u0105dzenia do Masa\u017cu, Drena\u017c Limfatyczny\",\"url\":\"https:\/\/ajrest.pl\/sklep\/\",\"logo\":{\"@type\":\"ImageObject\",\"inLanguage\":\"pl-PL\",\"@id\":\"https:\/\/ajrest.pl\/sklep\/#\/schema\/logo\/image\/\",\"url\":\"https:\/\/ajrest.pl\/sklep\/wp-content\/uploads\/sites\/2\/2022\/01\/BE-FIT-AND-HEALTH-ROLL-YOURSELF-1-e1642423074585.png\",\"contentUrl\":\"https:\/\/ajrest.pl\/sklep\/wp-content\/uploads\/sites\/2\/2022\/01\/BE-FIT-AND-HEALTH-ROLL-YOURSELF-1-e1642423074585.png\",\"width\":500,\"height\":138,\"caption\":\"Producent Rollmasa\u017cy - Sklep Sprzeda\u017c i Wynajem - Rollmasa\u017c, Roller, Roletic, Masa\u017c, Masa\u017c Limfatyczny, Studio Figura, Masa\u017cer, Producent rollmasa\u017cy, Rolki, Urz\u0105dzenia do Masa\u017cu, Drena\u017c Limfatyczny\"},\"image\":{\"@id\":\"https:\/\/ajrest.pl\/sklep\/#\/schema\/logo\/image\/\"}}]}<\/script>\n<!-- \/ Yoast SEO plugin. -->","yoast_head_json":{"title":"Rollmasa\u017cer Basic  | ajRest.pl","description":"Domowy rollmasa\u017cer Basic (sterowanie manualne, bez lamp). Wiele wariant\u00f3w kolorystycznych. Prosto od producenta. Sprzeda\u017c i wynajem.","robots":{"index":"index","follow":"follow","max-snippet":"max-snippet:-1","max-image-preview":"max-image-preview:large","max-video-preview":"max-video-preview:-1"},"canonical":"https:\/\/ajrest.pl\/sklep\/produkt\/rolletic-basic-4\/","og_locale":"pl_PL","og_type":"article","og_title":"Rollmasa\u017cer Basic  | ajRest.pl","og_description":"Domowy rollmasa\u017cer Basic (sterowanie manualne, bez lamp). Wiele wariant\u00f3w kolorystycznych. Prosto od producenta. Sprzeda\u017c i wynajem.","og_url":"https:\/\/ajrest.pl\/sklep\/produkt\/rolletic-basic-4\/","og_site_name":"Producent Rollmasa\u017cy - Sklep Sprzeda\u017c i Wynajem - Rollmasa\u017c, Roller, Roletic, Masa\u017c, Masa\u017c Limfatyczny, Studio Figura, Masa\u017cer, Producent rollmasa\u017cy, Rolki, Urz\u0105dzenia do Masa\u017cu, Drena\u017c Limfatyczny","article_modified_time":"2026-03-24T21:05:56+00:00","og_image":[{"width":1024,"height":1024,"url":"https:\/\/ajrest.pl\/sklep\/wp-content\/uploads\/sites\/2\/2023\/10\/1_A_GALERIA-1024x1024.png","type":"image\/png"}],"twitter_card":"summary_large_image","twitter_misc":{"Szacowany czas czytania":"3 minuty"},"schema":{"@context":"https:\/\/schema.org","@graph":[{"@type":"WebPage","@id":"https:\/\/ajrest.pl\/sklep\/produkt\/rolletic-basic-4\/","url":"https:\/\/ajrest.pl\/sklep\/produkt\/rolletic-basic-4\/","name":"Rollmasa\u017cer Basic | ajRest.pl","isPartOf":{"@id":"https:\/\/ajrest.pl\/sklep\/#website"},"primaryImageOfPage":{"@id":"https:\/\/ajrest.pl\/sklep\/produkt\/rolletic-basic-4\/#primaryimage"},"image":{"@id":"https:\/\/ajrest.pl\/sklep\/produkt\/rolletic-basic-4\/#primaryimage"},"thumbnailUrl":"https:\/\/ajrest.pl\/sklep\/wp-content\/uploads\/sites\/2\/2023\/10\/1_A_GALERIA.png","datePublished":"2022-05-23T18:10:18+00:00","dateModified":"2026-03-24T21:05:56+00:00","description":"Domowy rollmasa\u017cer Basic (sterowanie manualne, bez lamp). Wiele wariant\u00f3w kolorystycznych. Prosto od producenta. Sprzeda\u017c i wynajem.","breadcrumb":{"@id":"https:\/\/ajrest.pl\/sklep\/produkt\/rolletic-basic-4\/#breadcrumb"},"inLanguage":"pl-PL","potentialAction":[{"@type":"ReadAction","target":["https:\/\/ajrest.pl\/sklep\/produkt\/rolletic-basic-4\/"]}]},{"@type":"ImageObject","inLanguage":"pl-PL","@id":"https:\/\/ajrest.pl\/sklep\/produkt\/rolletic-basic-4\/#primaryimage","url":"https:\/\/ajrest.pl\/sklep\/wp-content\/uploads\/sites\/2\/2023\/10\/1_A_GALERIA.png","contentUrl":"https:\/\/ajrest.pl\/sklep\/wp-content\/uploads\/sites\/2\/2023\/10\/1_A_GALERIA.png","width":2560,"height":2560,"caption":"rolka masaz"},{"@type":"BreadcrumbList","@id":"https:\/\/ajrest.pl\/sklep\/produkt\/rolletic-basic-4\/#breadcrumb","itemListElement":[{"@type":"ListItem","position":1,"name":"Strona g\u0142\u00f3wna","item":"https:\/\/ajrest.pl\/sklep\/"},{"@type":"ListItem","position":2,"name":"Shop","item":"https:\/\/ajrest.pl\/sklep\/"},{"@type":"ListItem","position":3,"name":"Rollmasa\u017cer Basic"}]},{"@type":"WebSite","@id":"https:\/\/ajrest.pl\/sklep\/#website","url":"https:\/\/ajrest.pl\/sklep\/","name":"Producent Rollmasa\u017cy - Sklep Sprzeda\u017c i Wynajem - Rollmasa\u017c, Roller, Roletic, Masa\u017c, Masa\u017c Limfatyczny, Studio Figura, Masa\u017cer, Producent rollmasa\u017cy, Rolki, Urz\u0105dzenia do Masa\u017cu, Drena\u017c Limfatyczny","description":"Producent Rollmasa\u017cer\u00f3w - Sklep Sprzeda\u017c i Wynajem - Rollmasa\u017c, Roller, Roletic, Masa\u017c, Studio Figura, Masa\u017c Limfatyczny, Masa\u017cer, Producent rollmasa\u017cy, Rolki, Urz\u0105dzenia do Masa\u017cu, Drena\u017c Limfatyczny","publisher":{"@id":"https:\/\/ajrest.pl\/sklep\/#organization"},"potentialAction":[{"@type":"SearchAction","target":{"@type":"EntryPoint","urlTemplate":"https:\/\/ajrest.pl\/sklep\/?s={search_term_string}"},"query-input":{"@type":"PropertyValueSpecification","valueRequired":true,"valueName":"search_term_string"}}],"inLanguage":"pl-PL"},{"@type":"Organization","@id":"https:\/\/ajrest.pl\/sklep\/#organization","name":"Producent Rollmasa\u017cy - Sklep Sprzeda\u017c i Wynajem - Rollmasa\u017c, Roller, Roletic, Masa\u017c, Masa\u017c Limfatyczny, Studio Figura, Masa\u017cer, Producent rollmasa\u017cy, Rolki, Urz\u0105dzenia do Masa\u017cu, Drena\u017c Limfatyczny","url":"https:\/\/ajrest.pl\/sklep\/","logo":{"@type":"ImageObject","inLanguage":"pl-PL","@id":"https:\/\/ajrest.pl\/sklep\/#\/schema\/logo\/image\/","url":"https:\/\/ajrest.pl\/sklep\/wp-content\/uploads\/sites\/2\/2022\/01\/BE-FIT-AND-HEALTH-ROLL-YOURSELF-1-e1642423074585.png","contentUrl":"https:\/\/ajrest.pl\/sklep\/wp-content\/uploads\/sites\/2\/2022\/01\/BE-FIT-AND-HEALTH-ROLL-YOURSELF-1-e1642423074585.png","width":500,"height":138,"caption":"Producent Rollmasa\u017cy - Sklep Sprzeda\u017c i Wynajem - Rollmasa\u017c, Roller, Roletic, Masa\u017c, Masa\u017c Limfatyczny, Studio Figura, Masa\u017cer, Producent rollmasa\u017cy, Rolki, Urz\u0105dzenia do Masa\u017cu, Drena\u017c Limfatyczny"},"image":{"@id":"https:\/\/ajrest.pl\/sklep\/#\/schema\/logo\/image\/"}}]}},"_links":{"self":[{"href":"https:\/\/ajrest.pl\/sklep\/wp-json\/wp\/v2\/product\/7485","targetHints":{"allow":["GET"]}}],"collection":[{"href":"https:\/\/ajrest.pl\/sklep\/wp-json\/wp\/v2\/product"}],"about":[{"href":"https:\/\/ajrest.pl\/sklep\/wp-json\/wp\/v2\/types\/product"}],"wp:featuredmedia":[{"embeddable":true,"href":"https:\/\/ajrest.pl\/sklep\/wp-json\/wp\/v2\/media\/8894"}],"wp:attachment":[{"href":"https:\/\/ajrest.pl\/sklep\/wp-json\/wp\/v2\/media?parent=7485"}],"wp:term":[{"taxonomy":"product_brand","embeddable":true,"href":"https:\/\/ajrest.pl\/sklep\/wp-json\/wp\/v2\/product_brand?post=7485"},{"taxonomy":"product_cat","embeddable":true,"href":"https:\/\/ajrest.pl\/sklep\/wp-json\/wp\/v2\/product_cat?post=7485"},{"taxonomy":"product_tag","embeddable":true,"href":"https:\/\/ajrest.pl\/sklep\/wp-json\/wp\/v2\/product_tag?post=7485"}],"curies":[{"name":"wp","href":"https:\/\/api.w.org\/{rel}","templated":true}]}}