{"id":7454,"date":"2023-10-22T21:38:53","date_gmt":"2023-10-22T19:38:53","guid":{"rendered":"https:\/\/ajrest.pl\/sklep\/?post_type=product&#038;p=7454"},"modified":"2026-02-25T16:03:58","modified_gmt":"2026-02-25T15:03:58","slug":"rollmasaz-z-podczerwienia-19","status":"publish","type":"product","link":"https:\/\/ajrest.pl\/sklep\/produkt\/rollmasaz-z-podczerwienia-19\/","title":{"rendered":"Rollmasa\u017cer Standard z Podczerwieni\u0105<br><br>"},"content":{"rendered":"<p><strong>Przedmiotem og\u0142oszenia jest Wynajem Rollmasa\u017cera z podczerwieni\u0105.<\/strong><\/p>\n<p>Cena 400z\u0142 brutto miesi\u0119cznie + jednorazowo zwrotna kaucja 700z\u0142 + ewentualne koszty transportu.<br \/>\nW przypadku zastosowa\u0144 komercyjnych \/ zarobkowych, do miesi\u0119cznego czynszu nale\u017cy doliczy\u0107 100z\u0142 brutto <strong><br \/>\n\u2022 Sugerowany minimalny okres wynajmu wynosi 3 miesi\u0105ce<br \/>\n\u2022 Do wynajmu wymagane jest podpisanie umowy (czas nieoznaczony z 2 tygodniowym okresem wypowiedzenia).<br \/>\n\u2022 Po uiszczeniu op\u0142at, przes\u0142aniu scanem uzupe\u0142nionych oraz podpisanych dokument\u00f3w (umowa + OWN), urz\u0105dzenie wysy\u0142amy w nast\u0119pnym dniu roboczym<br \/>\n\u2022 * Przy wynajmie istnieje mo\u017cliwo\u015b\u0107 zasugerowania koloru urz\u0105dzenia, nie zawsze na stanie posiadamy wszystkie warianty kolorystyczne. W przypadku braku sugestii wybranego koloru, wysy\u0142amy dowoln\u0105 kolorystyk\u0119. <\/strong><\/p>\n<p><strong>JAK DZIA\u0141A:<\/strong><br \/>\nRollmasa\u017cer Standard to nowy spos\u00f3b na pi\u0119kn\u0105 i szczup\u0142\u0105 sylwetk\u0119.<br \/>\nPolega na masowaniu ca\u0142ego cia\u0142a za pomoc\u0105 drewnianych, charakterystycznie wyprofilowanych rolek.<br \/>\nUrz\u0105dzenie to \u0142\u0105czy w sobie \u0142atwo\u015b\u0107 u\u017cytkowania i estetyk\u0119 wykonania.<br \/>\nZajmuje zaledwie 1m2 i jest tak \u0142atwe w obs\u0142udze, \u017ce nie ma konieczno\u015bci zatrudniania dodatkowego personelu.<\/p>\n<p><strong>ZALETY:<\/strong><br \/>\n\u2013 Szybkie efekty<br \/>\n&#8211; Solidny masa\u017c cia\u0142a<br \/>\n&#8211; Uczucie relaksu<br \/>\n\u2013 Niski pob\u00f3r pr\u0105du<br \/>\n\u2013 \u0141atwa obs\u0142uga<br \/>\n\u2013 Bez konieczno\u015bci zatrudniania dodatkowej osoby, klientki same obs\u0142uguj\u0105 urz\u0105dzenie<br \/>\n\u2013 Du\u017ca grupa docelowa, gdy\u017c urz\u0105dzenie \u0142\u0105czy w sobie efekty wyszczuplaj\u0105ce, reguluj\u0105ce i zdrowotne<\/p>\n<p><strong>ZASTOSOWANIE:<\/strong><br \/>\n\u2013 Do domu<br \/>\n\u2013 Osiedlowe si\u0142ownie gdzie ka\u017cdy centymetr powierzchni ma znaczenie<br \/>\n\u2013 Gabinety kosmetyczne gdzie ka\u017cdy centymetr powierzchni ma znaczenie<br \/>\n\u2013 Gabinety masa\u017cu gdzie ka\u017cdy centymetr powierzchni ma znaczenie<br \/>\n\u2013 Kluby fitness<br \/>\n\u2013 Jako dostawka do urz\u0105dze\u0144<br \/>\n\u2013 Hotele i sanatoria<\/p>\n<p><strong>WYPOSA\u017bENIE:<\/strong><br \/>\n\u2013 Urz\u0105dzenie (z zamontowan\u0105 lamp\u0105 podczerwieni)<br \/>\n\u2013 Sto\u0142ek<br \/>\n\u2013 Mata<br \/>\n\u2013 Plakat z pozycjami masa\u017cu<br \/>\n\u2013 Plan \u0107wicze\u0144<\/p>\n<p><strong>DANE TECHNICZNE:<\/strong><br \/>\n\u2013 Wymiary d\u0142\/szer\/wys 90\/56\/75 cm<br \/>\n&#8211; Waga urz\u0105dzenia 75kg<br \/>\n\u2013 P\u0142ynna regulacja obrot\u00f3w<br \/>\n\u2013 Obroty prawe i lewe<br \/>\n\u2013 Bieg wsteczny<br \/>\n\u2013 Mo\u017cliwo\u015b\u0107 wy\u0142\u0105czenia podczerwieni<br \/>\n\u2013 Zabezpieczenie przed przeci\u0105\u017ceniem<br \/>\n\u2013 Zabezpieczenie przed wci\u0105gni\u0119ciem<br \/>\n\u2013 Zatrzymanie b\u0119bna<br \/>\n\u2013 Zasilanie 230V, 50Hz, 550W (pob\u00f3r mocy zale\u017cy od obci\u0105\u017cenia)<br \/>\n\u2013 Silnik z ch\u0142odzeniem<br \/>\n\u2013 Ud\u017awig b\u0119bna 250kg<\/p>\n<p><strong>CO ZYSKASZ:<\/strong><br \/>\n#1 NI\u017bSZA WAGA Nadwaga wp\u0142ywa na zdrowie i nastr\u00f3j. G\u0142\u00f3wnym celem rollmasa\u017cera jest pozbycie si\u0119 kilogram\u00f3w, uzyskanie szczup\u0142ej sylwetki oraz poprawienie samopoczucia. Regularne stosowanie rollera zdecydowanie przy\u015bpiesza efekty, pami\u0119taj o tym, a b\u0119dziesz bardzo zadowolona.<br \/>\n#2 J\u0118DRNA SK\u00d3RA Systematyczne u\u017cytkowanie rollera powoduje rozk\u0142ad w\u0142\u00f3kien kolagenowych i elastycznych. Dzi\u0119ki temu sk\u00f3ra na d\u0142u\u017cej zachowuje j\u0119drno\u015b\u0107 i m\u0142ody, naturalny wygl\u0105d. Pod wp\u0142ywem ciep\u0142a poprawia si\u0119 kr\u0105\u017cenie krwi, sk\u00f3ra wydala zanieczyszczenia i martwe kom\u00f3rki, a przez to staje si\u0119 bardziej j\u0119drna i g\u0142adka. Rolletic do masa\u017cu wyposa\u017cony jest w lampy podczerwieni oraz lampy kolagenowe.<br \/>\n#3 BRAK CELLULITU I ROZST\u0118P\u00d3W Rollmasa\u017cer wyposa\u017cony jest w promieniowanie podczerwone, kt\u00f3re pomagaj\u0105 w oczyszczaniu sk\u00f3ry i tkanki podsk\u00f3rnej z toksyn (bardzo dobrze dzia\u0142a na redukcj\u0119 cellulitu) i stymuluje produkcj\u0119 kolagenu. Rollery poprawiaj\u0105 przemian\u0119 materii co wp\u0142ywa na pozbywanie si\u0119 z\u0142og\u00f3w z organizmu.<br \/>\n#4 REHABILITACJA POURAZOWA Masa\u017c rollerem przez zwi\u0119kszon\u0105 stymulacj\u0119 mi\u0119\u015bni wp\u0142ywa na obni\u017cenie napi\u0119cia mi\u0119\u015bniowego. Idealnie przygotowuje do wysi\u0142ku fizycznego co znacznie przy\u015bpiesza powr\u00f3t do sprawno\u015bci fizycznej. W doskona\u0142y spos\u00f3b wp\u0142ywa na regeneracj\u0119 powysi\u0142kow\u0105 mi\u0119\u015bni, dzi\u0119ki czemu idealnie przygotowuje do treningu sportowego. Urz\u0105dzenie w doskona\u0142y spos\u00f3b zmniejsza lub ca\u0142kowicie likwiduje r\u00f3\u017cnego rodzaju zrosty i zgrubienia sk\u00f3rne.<br \/>\n#5 TERAPIA PODCZERWIENI\u0104 Dzia\u0142anie promieniowania podczerwieni w rollmasa\u017cerach powoduje, \u017ce organizm \u0142atwiej wydala nie tylko wod\u0119, ale te\u017c t\u0142uszcz (20%), cholesterol, metale ci\u0119\u017ckie, kwasy i zwi\u0105zki toksyczne, mobilizuje si\u0142y obronne naszego organizmu, wzmacnia uk\u0142ad immunologiczny. Pomaga r\u00f3wnie\u017c wi\u0105za\u0107 wolne rodniki, powoduj\u0105c efektywne oczyszczanie organizmu, usuwanie podsk\u00f3rnej tkanki t\u0142uszczowej i zmniejszenie cellulitu, w wyniku czego sk\u00f3ra staje si\u0119 j\u0119drna i elastyczna. Promieniowanie podczerwieni \u2013 wykorzystane zosta\u0142o do walki z nadwag\u0105, bowiem pozwala na b\u0142yskawiczne rozgrzanie tkanek i mi\u0119\u015bni wzmagaj\u0105c przy tym kr\u0105\u017cenie i metabolizm. Pod wp\u0142ywem ciep\u0142a poprawia si\u0119 kr\u0105\u017cenie krwi, sk\u00f3ra wydala zanieczyszczenia i martwe kom\u00f3rki, a przez to staje si\u0119 bardziej j\u0119drna i g\u0142adka. Skutkiem tego jest zwi\u0119kszenie przep\u0142ywu krwi i lepsze dotlenienie i ukrwienie tkanek. Tlen jest lepiej doprowadzany do kom\u00f3rek cia\u0142a. To powoduje odpr\u0119\u017cenie, redukuje b\u00f3le mi\u0119\u015bniowe i przyspiesza procesy leczenia.<br \/>\n#6 POPRAWA SAMOPOCZUCIA Korzystanie z rollera do masa\u017cu ma dzia\u0142anie relaksuj\u0105co \u2013 odpr\u0119\u017caj\u0105ce, poprawia samopoczucie przez zwi\u0119kszone wytwarzanie hormonu szcz\u0119\u015bcia \u2013 endorfin. Hormon szcz\u0119\u015bcia ma bezpo\u015bredni wp\u0142yw na polepszenie nastroju i towarzysz\u0105ce mu uczucie przyjemno\u015bci. Rollery zdecydowanie polepszaj\u0105 nastr\u00f3j.<\/p>\n<p><strong>BE FIT AND HEALTH \u2013 ROLL YOURSELF.<\/strong><\/p>\n","protected":false},"excerpt":{"rendered":"<p>Przedmiotem og\u0142oszenia jest Wynajem Rollmasa\u017cera z podczerwieni\u0105. Cena 400z\u0142 brutto miesi\u0119cznie + jednorazowo zwrotna kaucja 700z\u0142 + ewentualne koszty transportu. W przypadku zastosowa\u0144 komercyjnych \/ zarobkowych, do miesi\u0119cznego czynszu nale\u017cy doliczy\u0107 100z\u0142 brutto \u2022 Sugerowany minimalny okres wynajmu wynosi 3 miesi\u0105ce \u2022 Do wynajmu wymagane jest podpisanie umowy (czas nieoznaczony z 2 tygodniowym okresem wypowiedzenia). [&hellip;]<\/p>\n","protected":false},"featured_media":8905,"template":"","meta":{"_acf_changed":false},"product_brand":[],"product_cat":[20,19],"product_tag":[27,29,28,24,26,23],"class_list":{"0":"post-7454","1":"product","2":"type-product","3":"status-publish","4":"has-post-thumbnail","6":"product_cat-rollmasazery-wypozyczalnia","7":"product_cat-wypozyczalnia","8":"product_tag-body-roll","9":"product_tag-roll-shaper","10":"product_tag-roll-tech","11":"product_tag-roller","12":"product_tag-rolletic","13":"product_tag-rollmasaz","15":"first","16":"instock","17":"taxable","18":"shipping-taxable","19":"purchasable","20":"product-type-variable"},"acf":[],"yoast_head":"<!-- This site is optimized with the Yoast SEO plugin v27.0 - https:\/\/yoast.com\/product\/yoast-seo-wordpress\/ -->\n<title>Rollmasa\u017cer Standard z Podczerwieni\u0105 | ajRest.pl<\/title>\n<meta name=\"description\" content=\"Rollmasa\u017cer Standard z Podczerwieni\u0105. Prosto od producenta. Sprzeda\u017c i wynajem.\" \/>\n<meta name=\"robots\" content=\"index, follow, max-snippet:-1, max-image-preview:large, max-video-preview:-1\" \/>\n<link rel=\"canonical\" href=\"https:\/\/ajrest.pl\/sklep\/produkt\/rollmasaz-z-podczerwienia-19\/\" \/>\n<meta property=\"og:locale\" content=\"pl_PL\" \/>\n<meta property=\"og:type\" content=\"article\" \/>\n<meta property=\"og:title\" content=\"Rollmasa\u017cer Standard z Podczerwieni\u0105 | ajRest.pl\" \/>\n<meta property=\"og:description\" content=\"Rollmasa\u017cer Standard z Podczerwieni\u0105. Prosto od producenta. Sprzeda\u017c i wynajem.\" \/>\n<meta property=\"og:url\" content=\"https:\/\/ajrest.pl\/sklep\/produkt\/rollmasaz-z-podczerwienia-19\/\" \/>\n<meta property=\"og:site_name\" content=\"Producent Rollmasa\u017cy - Sklep Sprzeda\u017c i Wynajem - Rollmasa\u017c, Roller, Roletic, Masa\u017c, Masa\u017c Limfatyczny, Studio Figura, Masa\u017cer, Producent rollmasa\u017cy, Rolki, Urz\u0105dzenia do Masa\u017cu, Drena\u017c Limfatyczny\" \/>\n<meta property=\"article:modified_time\" content=\"2026-02-25T15:03:58+00:00\" \/>\n<meta property=\"og:image\" content=\"https:\/\/ajrest.pl\/sklep\/wp-content\/uploads\/sites\/2\/2023\/10\/4_A-1024x1024.png\" \/>\n\t<meta property=\"og:image:width\" content=\"1024\" \/>\n\t<meta property=\"og:image:height\" content=\"1024\" \/>\n\t<meta property=\"og:image:type\" content=\"image\/png\" \/>\n<meta name=\"twitter:card\" content=\"summary_large_image\" \/>\n<meta name=\"twitter:label1\" content=\"Szacowany czas czytania\" \/>\n\t<meta name=\"twitter:data1\" content=\"4 minuty\" \/>\n<script type=\"application\/ld+json\" class=\"yoast-schema-graph\">{\"@context\":\"https:\/\/schema.org\",\"@graph\":[{\"@type\":\"WebPage\",\"@id\":\"https:\/\/ajrest.pl\/sklep\/produkt\/rollmasaz-z-podczerwienia-19\/\",\"url\":\"https:\/\/ajrest.pl\/sklep\/produkt\/rollmasaz-z-podczerwienia-19\/\",\"name\":\"Rollmasa\u017cer Standard z Podczerwieni\u0105 | ajRest.pl\",\"isPartOf\":{\"@id\":\"https:\/\/ajrest.pl\/sklep\/#website\"},\"primaryImageOfPage\":{\"@id\":\"https:\/\/ajrest.pl\/sklep\/produkt\/rollmasaz-z-podczerwienia-19\/#primaryimage\"},\"image\":{\"@id\":\"https:\/\/ajrest.pl\/sklep\/produkt\/rollmasaz-z-podczerwienia-19\/#primaryimage\"},\"thumbnailUrl\":\"https:\/\/ajrest.pl\/sklep\/wp-content\/uploads\/sites\/2\/2023\/10\/4_A.png\",\"datePublished\":\"2023-10-22T19:38:53+00:00\",\"dateModified\":\"2026-02-25T15:03:58+00:00\",\"description\":\"Rollmasa\u017cer Standard z Podczerwieni\u0105 . Prosto od producenta. Sprzeda\u017c i wynajem.\",\"breadcrumb\":{\"@id\":\"https:\/\/ajrest.pl\/sklep\/produkt\/rollmasaz-z-podczerwienia-19\/#breadcrumb\"},\"inLanguage\":\"pl-PL\",\"potentialAction\":[{\"@type\":\"ReadAction\",\"target\":[\"https:\/\/ajrest.pl\/sklep\/produkt\/rollmasaz-z-podczerwienia-19\/\"]}]},{\"@type\":\"ImageObject\",\"inLanguage\":\"pl-PL\",\"@id\":\"https:\/\/ajrest.pl\/sklep\/produkt\/rollmasaz-z-podczerwienia-19\/#primaryimage\",\"url\":\"https:\/\/ajrest.pl\/sklep\/wp-content\/uploads\/sites\/2\/2023\/10\/4_A.png\",\"contentUrl\":\"https:\/\/ajrest.pl\/sklep\/wp-content\/uploads\/sites\/2\/2023\/10\/4_A.png\",\"width\":2560,\"height\":2560,\"caption\":\"rolki na cellulit\"},{\"@type\":\"BreadcrumbList\",\"@id\":\"https:\/\/ajrest.pl\/sklep\/produkt\/rollmasaz-z-podczerwienia-19\/#breadcrumb\",\"itemListElement\":[{\"@type\":\"ListItem\",\"position\":1,\"name\":\"Strona g\u0142\u00f3wna\",\"item\":\"https:\/\/ajrest.pl\/sklep\/\"},{\"@type\":\"ListItem\",\"position\":2,\"name\":\"Shop\",\"item\":\"https:\/\/ajrest.pl\/sklep\/\"},{\"@type\":\"ListItem\",\"position\":3,\"name\":\"Rollmasa\u017cer Standard z Podczerwieni\u0105\"}]},{\"@type\":\"WebSite\",\"@id\":\"https:\/\/ajrest.pl\/sklep\/#website\",\"url\":\"https:\/\/ajrest.pl\/sklep\/\",\"name\":\"Producent Rollmasa\u017cy - Sklep Sprzeda\u017c i Wynajem - Rollmasa\u017c, Roller, Roletic, Masa\u017c, Masa\u017c Limfatyczny, Studio Figura, Masa\u017cer, Producent rollmasa\u017cy, Rolki, Urz\u0105dzenia do Masa\u017cu, Drena\u017c Limfatyczny\",\"description\":\"Producent Rollmasa\u017cer\u00f3w - Sklep Sprzeda\u017c i Wynajem - Rollmasa\u017c, Roller, Roletic, Masa\u017c, Studio Figura, Masa\u017c Limfatyczny, Masa\u017cer, Producent rollmasa\u017cy, Rolki, Urz\u0105dzenia do Masa\u017cu, Drena\u017c Limfatyczny\",\"publisher\":{\"@id\":\"https:\/\/ajrest.pl\/sklep\/#organization\"},\"potentialAction\":[{\"@type\":\"SearchAction\",\"target\":{\"@type\":\"EntryPoint\",\"urlTemplate\":\"https:\/\/ajrest.pl\/sklep\/?s={search_term_string}\"},\"query-input\":{\"@type\":\"PropertyValueSpecification\",\"valueRequired\":true,\"valueName\":\"search_term_string\"}}],\"inLanguage\":\"pl-PL\"},{\"@type\":\"Organization\",\"@id\":\"https:\/\/ajrest.pl\/sklep\/#organization\",\"name\":\"Producent Rollmasa\u017cy - Sklep Sprzeda\u017c i Wynajem - Rollmasa\u017c, Roller, Roletic, Masa\u017c, Masa\u017c Limfatyczny, Studio Figura, Masa\u017cer, Producent rollmasa\u017cy, Rolki, Urz\u0105dzenia do Masa\u017cu, Drena\u017c Limfatyczny\",\"url\":\"https:\/\/ajrest.pl\/sklep\/\",\"logo\":{\"@type\":\"ImageObject\",\"inLanguage\":\"pl-PL\",\"@id\":\"https:\/\/ajrest.pl\/sklep\/#\/schema\/logo\/image\/\",\"url\":\"https:\/\/ajrest.pl\/sklep\/wp-content\/uploads\/sites\/2\/2022\/01\/BE-FIT-AND-HEALTH-ROLL-YOURSELF-1-e1642423074585.png\",\"contentUrl\":\"https:\/\/ajrest.pl\/sklep\/wp-content\/uploads\/sites\/2\/2022\/01\/BE-FIT-AND-HEALTH-ROLL-YOURSELF-1-e1642423074585.png\",\"width\":500,\"height\":138,\"caption\":\"Producent Rollmasa\u017cy - Sklep Sprzeda\u017c i Wynajem - Rollmasa\u017c, Roller, Roletic, Masa\u017c, Masa\u017c Limfatyczny, Studio Figura, Masa\u017cer, Producent rollmasa\u017cy, Rolki, Urz\u0105dzenia do Masa\u017cu, Drena\u017c Limfatyczny\"},\"image\":{\"@id\":\"https:\/\/ajrest.pl\/sklep\/#\/schema\/logo\/image\/\"}}]}<\/script>\n<!-- \/ Yoast SEO plugin. -->","yoast_head_json":{"title":"Rollmasa\u017cer Standard z Podczerwieni\u0105 | ajRest.pl","description":"Rollmasa\u017cer Standard z Podczerwieni\u0105. Prosto od producenta. Sprzeda\u017c i wynajem.","robots":{"index":"index","follow":"follow","max-snippet":"max-snippet:-1","max-image-preview":"max-image-preview:large","max-video-preview":"max-video-preview:-1"},"canonical":"https:\/\/ajrest.pl\/sklep\/produkt\/rollmasaz-z-podczerwienia-19\/","og_locale":"pl_PL","og_type":"article","og_title":"Rollmasa\u017cer Standard z Podczerwieni\u0105 | ajRest.pl","og_description":"Rollmasa\u017cer Standard z Podczerwieni\u0105. Prosto od producenta. Sprzeda\u017c i wynajem.","og_url":"https:\/\/ajrest.pl\/sklep\/produkt\/rollmasaz-z-podczerwienia-19\/","og_site_name":"Producent Rollmasa\u017cy - Sklep Sprzeda\u017c i Wynajem - Rollmasa\u017c, Roller, Roletic, Masa\u017c, Masa\u017c Limfatyczny, Studio Figura, Masa\u017cer, Producent rollmasa\u017cy, Rolki, Urz\u0105dzenia do Masa\u017cu, Drena\u017c Limfatyczny","article_modified_time":"2026-02-25T15:03:58+00:00","og_image":[{"width":1024,"height":1024,"url":"https:\/\/ajrest.pl\/sklep\/wp-content\/uploads\/sites\/2\/2023\/10\/4_A-1024x1024.png","type":"image\/png"}],"twitter_card":"summary_large_image","twitter_misc":{"Szacowany czas czytania":"4 minuty"},"schema":{"@context":"https:\/\/schema.org","@graph":[{"@type":"WebPage","@id":"https:\/\/ajrest.pl\/sklep\/produkt\/rollmasaz-z-podczerwienia-19\/","url":"https:\/\/ajrest.pl\/sklep\/produkt\/rollmasaz-z-podczerwienia-19\/","name":"Rollmasa\u017cer Standard z Podczerwieni\u0105 | ajRest.pl","isPartOf":{"@id":"https:\/\/ajrest.pl\/sklep\/#website"},"primaryImageOfPage":{"@id":"https:\/\/ajrest.pl\/sklep\/produkt\/rollmasaz-z-podczerwienia-19\/#primaryimage"},"image":{"@id":"https:\/\/ajrest.pl\/sklep\/produkt\/rollmasaz-z-podczerwienia-19\/#primaryimage"},"thumbnailUrl":"https:\/\/ajrest.pl\/sklep\/wp-content\/uploads\/sites\/2\/2023\/10\/4_A.png","datePublished":"2023-10-22T19:38:53+00:00","dateModified":"2026-02-25T15:03:58+00:00","description":"Rollmasa\u017cer Standard z Podczerwieni\u0105 . Prosto od producenta. Sprzeda\u017c i wynajem.","breadcrumb":{"@id":"https:\/\/ajrest.pl\/sklep\/produkt\/rollmasaz-z-podczerwienia-19\/#breadcrumb"},"inLanguage":"pl-PL","potentialAction":[{"@type":"ReadAction","target":["https:\/\/ajrest.pl\/sklep\/produkt\/rollmasaz-z-podczerwienia-19\/"]}]},{"@type":"ImageObject","inLanguage":"pl-PL","@id":"https:\/\/ajrest.pl\/sklep\/produkt\/rollmasaz-z-podczerwienia-19\/#primaryimage","url":"https:\/\/ajrest.pl\/sklep\/wp-content\/uploads\/sites\/2\/2023\/10\/4_A.png","contentUrl":"https:\/\/ajrest.pl\/sklep\/wp-content\/uploads\/sites\/2\/2023\/10\/4_A.png","width":2560,"height":2560,"caption":"rolki na cellulit"},{"@type":"BreadcrumbList","@id":"https:\/\/ajrest.pl\/sklep\/produkt\/rollmasaz-z-podczerwienia-19\/#breadcrumb","itemListElement":[{"@type":"ListItem","position":1,"name":"Strona g\u0142\u00f3wna","item":"https:\/\/ajrest.pl\/sklep\/"},{"@type":"ListItem","position":2,"name":"Shop","item":"https:\/\/ajrest.pl\/sklep\/"},{"@type":"ListItem","position":3,"name":"Rollmasa\u017cer Standard z Podczerwieni\u0105"}]},{"@type":"WebSite","@id":"https:\/\/ajrest.pl\/sklep\/#website","url":"https:\/\/ajrest.pl\/sklep\/","name":"Producent Rollmasa\u017cy - Sklep Sprzeda\u017c i Wynajem - Rollmasa\u017c, Roller, Roletic, Masa\u017c, Masa\u017c Limfatyczny, Studio Figura, Masa\u017cer, Producent rollmasa\u017cy, Rolki, Urz\u0105dzenia do Masa\u017cu, Drena\u017c Limfatyczny","description":"Producent Rollmasa\u017cer\u00f3w - Sklep Sprzeda\u017c i Wynajem - Rollmasa\u017c, Roller, Roletic, Masa\u017c, Studio Figura, Masa\u017c Limfatyczny, Masa\u017cer, Producent rollmasa\u017cy, Rolki, Urz\u0105dzenia do Masa\u017cu, Drena\u017c Limfatyczny","publisher":{"@id":"https:\/\/ajrest.pl\/sklep\/#organization"},"potentialAction":[{"@type":"SearchAction","target":{"@type":"EntryPoint","urlTemplate":"https:\/\/ajrest.pl\/sklep\/?s={search_term_string}"},"query-input":{"@type":"PropertyValueSpecification","valueRequired":true,"valueName":"search_term_string"}}],"inLanguage":"pl-PL"},{"@type":"Organization","@id":"https:\/\/ajrest.pl\/sklep\/#organization","name":"Producent Rollmasa\u017cy - Sklep Sprzeda\u017c i Wynajem - Rollmasa\u017c, Roller, Roletic, Masa\u017c, Masa\u017c Limfatyczny, Studio Figura, Masa\u017cer, Producent rollmasa\u017cy, Rolki, Urz\u0105dzenia do Masa\u017cu, Drena\u017c Limfatyczny","url":"https:\/\/ajrest.pl\/sklep\/","logo":{"@type":"ImageObject","inLanguage":"pl-PL","@id":"https:\/\/ajrest.pl\/sklep\/#\/schema\/logo\/image\/","url":"https:\/\/ajrest.pl\/sklep\/wp-content\/uploads\/sites\/2\/2022\/01\/BE-FIT-AND-HEALTH-ROLL-YOURSELF-1-e1642423074585.png","contentUrl":"https:\/\/ajrest.pl\/sklep\/wp-content\/uploads\/sites\/2\/2022\/01\/BE-FIT-AND-HEALTH-ROLL-YOURSELF-1-e1642423074585.png","width":500,"height":138,"caption":"Producent Rollmasa\u017cy - Sklep Sprzeda\u017c i Wynajem - Rollmasa\u017c, Roller, Roletic, Masa\u017c, Masa\u017c Limfatyczny, Studio Figura, Masa\u017cer, Producent rollmasa\u017cy, Rolki, Urz\u0105dzenia do Masa\u017cu, Drena\u017c Limfatyczny"},"image":{"@id":"https:\/\/ajrest.pl\/sklep\/#\/schema\/logo\/image\/"}}]}},"_links":{"self":[{"href":"https:\/\/ajrest.pl\/sklep\/wp-json\/wp\/v2\/product\/7454","targetHints":{"allow":["GET"]}}],"collection":[{"href":"https:\/\/ajrest.pl\/sklep\/wp-json\/wp\/v2\/product"}],"about":[{"href":"https:\/\/ajrest.pl\/sklep\/wp-json\/wp\/v2\/types\/product"}],"wp:featuredmedia":[{"embeddable":true,"href":"https:\/\/ajrest.pl\/sklep\/wp-json\/wp\/v2\/media\/8905"}],"wp:attachment":[{"href":"https:\/\/ajrest.pl\/sklep\/wp-json\/wp\/v2\/media?parent=7454"}],"wp:term":[{"taxonomy":"product_brand","embeddable":true,"href":"https:\/\/ajrest.pl\/sklep\/wp-json\/wp\/v2\/product_brand?post=7454"},{"taxonomy":"product_cat","embeddable":true,"href":"https:\/\/ajrest.pl\/sklep\/wp-json\/wp\/v2\/product_cat?post=7454"},{"taxonomy":"product_tag","embeddable":true,"href":"https:\/\/ajrest.pl\/sklep\/wp-json\/wp\/v2\/product_tag?post=7454"}],"curies":[{"name":"wp","href":"https:\/\/api.w.org\/{rel}","templated":true}]}}