{"id":6204,"date":"2023-10-22T21:50:24","date_gmt":"2023-10-22T19:50:24","guid":{"rendered":"https:\/\/ajrest.pl\/sklep\/?post_type=product&#038;p=6204"},"modified":"2026-01-07T10:21:53","modified_gmt":"2026-01-07T09:21:53","slug":"drenaz-limfatyczny-presoterapia-sp-3000-wynajem","status":"publish","type":"product","link":"https:\/\/ajrest.pl\/sklep\/produkt\/drenaz-limfatyczny-presoterapia-sp-3000-wynajem\/","title":{"rendered":"Drena\u017c Limfatyczny, Presoterapia SP-3000"},"content":{"rendered":"<p>Wynajem urz\u0105dzenia do masa\u017cu uciskowego sekwencyjnego SP-3000 jest profesjonalnym urz\u0105dzeniem do zastosowa\u0144 domowych, mniejszych gabinet\u00f3w odnowy biologicznej, centr\u00f3w rehabilitacyjnych.<\/p>\n<p>Nowoczesny design, dotykowy interfejs i niezawodno\u015b\u0107 czyni\u0105 go jedn\u0105 z najbardziej atrakcyjnych ofert na rynku!<\/p>\n<p><strong>ZALETY STOSOWANIA URZ\u0104DZENIA:<\/strong><\/p>\n<p>&#8211; przepychanie limfy<\/p>\n<p>&#8211; zwalczanie i zapobieganie objawom 'ci\u0119\u017ckich n\u00f3g&#8217;<\/p>\n<p>&#8211; powoduje lepsz\u0105 przemian\u0119 materii<\/p>\n<p>&#8211; pomaga przywraca\u0107 utracon\u0105 elastyczno\u015b\u0107 sk\u00f3ry<\/p>\n<p>&#8211; wspomaga zwalczanie cellulitu<\/p>\n<p>&#8211; regeneracja zm\u0119czonych mi\u0119\u015bni<\/p>\n<p>&#8211; dzia\u0142anie profilaktyczne<\/p>\n<p>&#8211; Alternatywne \u0107wiczenia ca\u0142ego cia\u0142a dla u\u017cytkownik\u00f3w, kt\u00f3rzy nie mog\u0105 wychodzi\u0107 do salon\u00f3w odnowy biologicznej.<\/p>\n<p>&#8211; \u0106wiczenie z pilotem dla u\u017cytkownik\u00f3w, kt\u00f3rzy nie mog\u0105 si\u0119 samodzielnie porusza\u0107<\/p>\n<p>&#8211; 6 kom\u00f3r ci\u015bnieniowych z wi\u0119ksz\u0105 liczb\u0105 stymulowanych cz\u0119\u015bci cia\u0142a<\/p>\n<p>&#8211; U\u017cytkownik mo\u017ce cieszy\u0107 si\u0119 zoptymalizowanym zapami\u0119tanym programem za pomoc\u0105 tylko przycisku AUTO<\/p>\n<p>&#8211; Z\u0142\u0105cze do automatycznego wykrywania pod\u0142\u0105czonych mankiet\u00f3w czy mat<\/p>\n<p>&#8211; R\u0119kawy obs\u0142uguje zoptymalizowany program. Ci\u015bnienie mo\u017ce by\u0107 dostosowane do stanu i gustu u\u017cytkownika<\/p>\n<p>&nbsp;<\/p>\n<p><strong>SPECYFIKACJE I FUNKCJE<\/strong><\/p>\n<p>&#8211; Czas: 10, 20, 30 minut<\/p>\n<p>&#8211; Ci\u015bnienie: 50~230mmHg<\/p>\n<p>&#8211; Tryby: tryb kr\u0105\u017cenia, tryb odwrotny, tryb intensywnej opieki, tryb pe\u0142ny<\/p>\n<p>&#8211; Automatyczna praca: automatycznie wykrywa ka\u017cdy r\u0119kaw pod\u0142\u0105czony do urz\u0105dzenia<\/p>\n<p>&#8211; Funkcja pomijania: mo\u017cna j\u0105 wybra\u0107 zgodnie z w\u0142asnymi preferencjami lub zaleceniami lekarza<\/p>\n<p>&#8211; Rodzaje r\u0119kaw\u00f3w: r\u0119kaw na nogi (<strong>w zestawie<\/strong>), r\u0119kaw na rami\u0119, r\u0119kaw na tali\u0119, mata do rozci\u0105gania<\/p>\n<p>&#8211; Ilo\u015b\u0107 kom\u00f3r: <strong>6 kom\u00f3r<\/strong><\/p>\n<p>&#8211; Czujnik powietrza: czujnik powietrza wykrywa ustawione ci\u015bnienie, aby dzia\u0142a\u0142o dok\u0142adnie na cia\u0142o.<\/p>\n<p>&#8211; Pilot zdalnego sterowania<\/p>\n<p>&nbsp;<\/p>\n<p><strong>DANE TECHNICZNE:<\/strong><\/p>\n<p>&#8211; Regulacja ci\u015bnienia: od 50 do 230 mmHg (+-20mmHg)<\/p>\n<p>&#8211; Waga urz\u0105dzenia: 3 kg<\/p>\n<p>&#8211; Wymiary urz\u0105dzenia: szer 30cm x g\u0142 18 x wys 19cm<\/p>\n<p>&#8211; Zegar cyfrowy: 10, 20, 30 min<\/p>\n<p>&#8211; Zasilanie:220- 240 V , 50\/60 Hz<\/p>\n<p>&nbsp;<\/p>\n<p><strong>W ZESTAWIE:<\/strong><\/p>\n<p>&#8211; Profesjonalne urz\u0105dzenie<\/p>\n<p>&#8211; Mankiety na nogi (2szt)<\/p>\n<p>&#8211; Pilot<\/p>\n<p>&#8211; Instrukcja<\/p>\n<ul>\n<li><strong>CENA 300Z\u0141 OBEJMUJE WYNAJEM URZ\u0104DZENIA NA 30 DNI.<\/strong><\/li>\n<li><strong>DO WYNAJ\u0118CIA URZ\u0104DZENIA NIEZB\u0118DNE JEST WP\u0141ACENIE KAUCJI ZWROTNEJ W WYSOKO\u015aCI 700Z\u0141 ORAZ PODPISANIE UMOWY NAJMU<\/strong><\/li>\n<\/ul>\n","protected":false},"excerpt":{"rendered":"<p>Wynajem urz\u0105dzenia do masa\u017cu uciskowego sekwencyjnego SP-3000 jest profesjonalnym urz\u0105dzeniem do zastosowa\u0144 domowych, mniejszych gabinet\u00f3w odnowy biologicznej, centr\u00f3w rehabilitacyjnych. Nowoczesny design, dotykowy interfejs i niezawodno\u015b\u0107 czyni\u0105 go jedn\u0105 z najbardziej atrakcyjnych ofert na rynku! ZALETY STOSOWANIA URZ\u0104DZENIA: &#8211; przepychanie limfy &#8211; zwalczanie i zapobieganie objawom 'ci\u0119\u017ckich n\u00f3g&#8217; &#8211; powoduje lepsz\u0105 przemian\u0119 materii &#8211; pomaga przywraca\u0107 [&hellip;]<\/p>\n","protected":false},"featured_media":9551,"template":"","meta":{"_acf_changed":false},"product_brand":[],"product_cat":[19],"product_tag":[],"class_list":{"0":"post-6204","1":"product","2":"type-product","3":"status-publish","4":"has-post-thumbnail","6":"product_cat-wypozyczalnia","7":"product_shipping_class-dostawa-40-zl","9":"first","10":"instock","11":"featured","12":"taxable","13":"shipping-taxable","14":"purchasable","15":"product-type-variable"},"acf":[],"yoast_head":"<!-- This site is optimized with the Yoast SEO plugin v27.0 - https:\/\/yoast.com\/product\/yoast-seo-wordpress\/ -->\n<title>Drena\u017c Limfatyczny, Presoterapia SP-3000 | ajRest.pl<\/title>\n<meta name=\"description\" content=\"Drena\u017c Limfatyczny, Presoterapia SP-3000. Prosto od producenta. Sprzeda\u017c i wynajem.\" \/>\n<meta name=\"robots\" content=\"index, follow, max-snippet:-1, max-image-preview:large, max-video-preview:-1\" \/>\n<link rel=\"canonical\" href=\"https:\/\/ajrest.pl\/sklep\/produkt\/drenaz-limfatyczny-presoterapia-sp-3000-wynajem\/\" \/>\n<meta property=\"og:locale\" content=\"pl_PL\" \/>\n<meta property=\"og:type\" content=\"article\" \/>\n<meta property=\"og:title\" content=\"Drena\u017c Limfatyczny, Presoterapia SP-3000 | ajRest.pl\" \/>\n<meta property=\"og:description\" content=\"Drena\u017c Limfatyczny, Presoterapia SP-3000. Prosto od producenta. Sprzeda\u017c i wynajem.\" \/>\n<meta property=\"og:url\" content=\"https:\/\/ajrest.pl\/sklep\/produkt\/drenaz-limfatyczny-presoterapia-sp-3000-wynajem\/\" \/>\n<meta property=\"og:site_name\" content=\"Producent Rollmasa\u017cy - Sklep Sprzeda\u017c i Wynajem - Rollmasa\u017c, Roller, Roletic, Masa\u017c, Masa\u017c Limfatyczny, Studio Figura, Masa\u017cer, Producent rollmasa\u017cy, Rolki, Urz\u0105dzenia do Masa\u017cu, Drena\u017c Limfatyczny\" \/>\n<meta property=\"article:modified_time\" content=\"2026-01-07T09:21:53+00:00\" \/>\n<meta property=\"og:image\" content=\"https:\/\/ajrest.pl\/sklep\/wp-content\/uploads\/sites\/2\/2023\/10\/Masaz-uciskowy-ajrest-1-scaled.jpg-removebg-preview.png\" \/>\n\t<meta property=\"og:image:width\" content=\"616\" \/>\n\t<meta property=\"og:image:height\" content=\"405\" \/>\n\t<meta property=\"og:image:type\" content=\"image\/png\" \/>\n<meta name=\"twitter:card\" content=\"summary_large_image\" \/>\n<meta name=\"twitter:label1\" content=\"Szacowany czas czytania\" \/>\n\t<meta name=\"twitter:data1\" content=\"2 minuty\" \/>\n<script type=\"application\/ld+json\" class=\"yoast-schema-graph\">{\"@context\":\"https:\/\/schema.org\",\"@graph\":[{\"@type\":\"WebPage\",\"@id\":\"https:\/\/ajrest.pl\/sklep\/produkt\/drenaz-limfatyczny-presoterapia-sp-3000-wynajem\/\",\"url\":\"https:\/\/ajrest.pl\/sklep\/produkt\/drenaz-limfatyczny-presoterapia-sp-3000-wynajem\/\",\"name\":\"Drena\u017c Limfatyczny, Presoterapia SP-3000 | ajRest.pl\",\"isPartOf\":{\"@id\":\"https:\/\/ajrest.pl\/sklep\/#website\"},\"primaryImageOfPage\":{\"@id\":\"https:\/\/ajrest.pl\/sklep\/produkt\/drenaz-limfatyczny-presoterapia-sp-3000-wynajem\/#primaryimage\"},\"image\":{\"@id\":\"https:\/\/ajrest.pl\/sklep\/produkt\/drenaz-limfatyczny-presoterapia-sp-3000-wynajem\/#primaryimage\"},\"thumbnailUrl\":\"https:\/\/ajrest.pl\/sklep\/wp-content\/uploads\/sites\/2\/2023\/10\/Masaz-uciskowy-ajrest-1-scaled.jpg-removebg-preview.png\",\"datePublished\":\"2023-10-22T19:50:24+00:00\",\"dateModified\":\"2026-01-07T09:21:53+00:00\",\"description\":\"Drena\u017c Limfatyczny, Presoterapia SP-3000. Prosto od producenta. Sprzeda\u017c i wynajem.\",\"breadcrumb\":{\"@id\":\"https:\/\/ajrest.pl\/sklep\/produkt\/drenaz-limfatyczny-presoterapia-sp-3000-wynajem\/#breadcrumb\"},\"inLanguage\":\"pl-PL\",\"potentialAction\":[{\"@type\":\"ReadAction\",\"target\":[\"https:\/\/ajrest.pl\/sklep\/produkt\/drenaz-limfatyczny-presoterapia-sp-3000-wynajem\/\"]}]},{\"@type\":\"ImageObject\",\"inLanguage\":\"pl-PL\",\"@id\":\"https:\/\/ajrest.pl\/sklep\/produkt\/drenaz-limfatyczny-presoterapia-sp-3000-wynajem\/#primaryimage\",\"url\":\"https:\/\/ajrest.pl\/sklep\/wp-content\/uploads\/sites\/2\/2023\/10\/Masaz-uciskowy-ajrest-1-scaled.jpg-removebg-preview.png\",\"contentUrl\":\"https:\/\/ajrest.pl\/sklep\/wp-content\/uploads\/sites\/2\/2023\/10\/Masaz-uciskowy-ajrest-1-scaled.jpg-removebg-preview.png\",\"width\":616,\"height\":405},{\"@type\":\"BreadcrumbList\",\"@id\":\"https:\/\/ajrest.pl\/sklep\/produkt\/drenaz-limfatyczny-presoterapia-sp-3000-wynajem\/#breadcrumb\",\"itemListElement\":[{\"@type\":\"ListItem\",\"position\":1,\"name\":\"Strona g\u0142\u00f3wna\",\"item\":\"https:\/\/ajrest.pl\/sklep\/\"},{\"@type\":\"ListItem\",\"position\":2,\"name\":\"Shop\",\"item\":\"https:\/\/ajrest.pl\/sklep\/\"},{\"@type\":\"ListItem\",\"position\":3,\"name\":\"Drena\u017c Limfatyczny, Presoterapia SP-3000\"}]},{\"@type\":\"WebSite\",\"@id\":\"https:\/\/ajrest.pl\/sklep\/#website\",\"url\":\"https:\/\/ajrest.pl\/sklep\/\",\"name\":\"Producent Rollmasa\u017cy - Sklep Sprzeda\u017c i Wynajem - Rollmasa\u017c, Roller, Roletic, Masa\u017c, Masa\u017c Limfatyczny, Studio Figura, Masa\u017cer, Producent rollmasa\u017cy, Rolki, Urz\u0105dzenia do Masa\u017cu, Drena\u017c Limfatyczny\",\"description\":\"Producent Rollmasa\u017cer\u00f3w - Sklep Sprzeda\u017c i Wynajem - Rollmasa\u017c, Roller, Roletic, Masa\u017c, Studio Figura, Masa\u017c Limfatyczny, Masa\u017cer, Producent rollmasa\u017cy, Rolki, Urz\u0105dzenia do Masa\u017cu, Drena\u017c Limfatyczny\",\"publisher\":{\"@id\":\"https:\/\/ajrest.pl\/sklep\/#organization\"},\"potentialAction\":[{\"@type\":\"SearchAction\",\"target\":{\"@type\":\"EntryPoint\",\"urlTemplate\":\"https:\/\/ajrest.pl\/sklep\/?s={search_term_string}\"},\"query-input\":{\"@type\":\"PropertyValueSpecification\",\"valueRequired\":true,\"valueName\":\"search_term_string\"}}],\"inLanguage\":\"pl-PL\"},{\"@type\":\"Organization\",\"@id\":\"https:\/\/ajrest.pl\/sklep\/#organization\",\"name\":\"Producent Rollmasa\u017cy - Sklep Sprzeda\u017c i Wynajem - Rollmasa\u017c, Roller, Roletic, Masa\u017c, Masa\u017c Limfatyczny, Studio Figura, Masa\u017cer, Producent rollmasa\u017cy, Rolki, Urz\u0105dzenia do Masa\u017cu, Drena\u017c Limfatyczny\",\"url\":\"https:\/\/ajrest.pl\/sklep\/\",\"logo\":{\"@type\":\"ImageObject\",\"inLanguage\":\"pl-PL\",\"@id\":\"https:\/\/ajrest.pl\/sklep\/#\/schema\/logo\/image\/\",\"url\":\"https:\/\/ajrest.pl\/sklep\/wp-content\/uploads\/sites\/2\/2022\/01\/BE-FIT-AND-HEALTH-ROLL-YOURSELF-1-e1642423074585.png\",\"contentUrl\":\"https:\/\/ajrest.pl\/sklep\/wp-content\/uploads\/sites\/2\/2022\/01\/BE-FIT-AND-HEALTH-ROLL-YOURSELF-1-e1642423074585.png\",\"width\":500,\"height\":138,\"caption\":\"Producent Rollmasa\u017cy - Sklep Sprzeda\u017c i Wynajem - Rollmasa\u017c, Roller, Roletic, Masa\u017c, Masa\u017c Limfatyczny, Studio Figura, Masa\u017cer, Producent rollmasa\u017cy, Rolki, Urz\u0105dzenia do Masa\u017cu, Drena\u017c Limfatyczny\"},\"image\":{\"@id\":\"https:\/\/ajrest.pl\/sklep\/#\/schema\/logo\/image\/\"}}]}<\/script>\n<!-- \/ Yoast SEO plugin. -->","yoast_head_json":{"title":"Drena\u017c Limfatyczny, Presoterapia SP-3000 | ajRest.pl","description":"Drena\u017c Limfatyczny, Presoterapia SP-3000. Prosto od producenta. Sprzeda\u017c i wynajem.","robots":{"index":"index","follow":"follow","max-snippet":"max-snippet:-1","max-image-preview":"max-image-preview:large","max-video-preview":"max-video-preview:-1"},"canonical":"https:\/\/ajrest.pl\/sklep\/produkt\/drenaz-limfatyczny-presoterapia-sp-3000-wynajem\/","og_locale":"pl_PL","og_type":"article","og_title":"Drena\u017c Limfatyczny, Presoterapia SP-3000 | ajRest.pl","og_description":"Drena\u017c Limfatyczny, Presoterapia SP-3000. Prosto od producenta. Sprzeda\u017c i wynajem.","og_url":"https:\/\/ajrest.pl\/sklep\/produkt\/drenaz-limfatyczny-presoterapia-sp-3000-wynajem\/","og_site_name":"Producent Rollmasa\u017cy - Sklep Sprzeda\u017c i Wynajem - Rollmasa\u017c, Roller, Roletic, Masa\u017c, Masa\u017c Limfatyczny, Studio Figura, Masa\u017cer, Producent rollmasa\u017cy, Rolki, Urz\u0105dzenia do Masa\u017cu, Drena\u017c Limfatyczny","article_modified_time":"2026-01-07T09:21:53+00:00","og_image":[{"width":616,"height":405,"url":"https:\/\/ajrest.pl\/sklep\/wp-content\/uploads\/sites\/2\/2023\/10\/Masaz-uciskowy-ajrest-1-scaled.jpg-removebg-preview.png","type":"image\/png"}],"twitter_card":"summary_large_image","twitter_misc":{"Szacowany czas czytania":"2 minuty"},"schema":{"@context":"https:\/\/schema.org","@graph":[{"@type":"WebPage","@id":"https:\/\/ajrest.pl\/sklep\/produkt\/drenaz-limfatyczny-presoterapia-sp-3000-wynajem\/","url":"https:\/\/ajrest.pl\/sklep\/produkt\/drenaz-limfatyczny-presoterapia-sp-3000-wynajem\/","name":"Drena\u017c Limfatyczny, Presoterapia SP-3000 | ajRest.pl","isPartOf":{"@id":"https:\/\/ajrest.pl\/sklep\/#website"},"primaryImageOfPage":{"@id":"https:\/\/ajrest.pl\/sklep\/produkt\/drenaz-limfatyczny-presoterapia-sp-3000-wynajem\/#primaryimage"},"image":{"@id":"https:\/\/ajrest.pl\/sklep\/produkt\/drenaz-limfatyczny-presoterapia-sp-3000-wynajem\/#primaryimage"},"thumbnailUrl":"https:\/\/ajrest.pl\/sklep\/wp-content\/uploads\/sites\/2\/2023\/10\/Masaz-uciskowy-ajrest-1-scaled.jpg-removebg-preview.png","datePublished":"2023-10-22T19:50:24+00:00","dateModified":"2026-01-07T09:21:53+00:00","description":"Drena\u017c Limfatyczny, Presoterapia SP-3000. Prosto od producenta. Sprzeda\u017c i wynajem.","breadcrumb":{"@id":"https:\/\/ajrest.pl\/sklep\/produkt\/drenaz-limfatyczny-presoterapia-sp-3000-wynajem\/#breadcrumb"},"inLanguage":"pl-PL","potentialAction":[{"@type":"ReadAction","target":["https:\/\/ajrest.pl\/sklep\/produkt\/drenaz-limfatyczny-presoterapia-sp-3000-wynajem\/"]}]},{"@type":"ImageObject","inLanguage":"pl-PL","@id":"https:\/\/ajrest.pl\/sklep\/produkt\/drenaz-limfatyczny-presoterapia-sp-3000-wynajem\/#primaryimage","url":"https:\/\/ajrest.pl\/sklep\/wp-content\/uploads\/sites\/2\/2023\/10\/Masaz-uciskowy-ajrest-1-scaled.jpg-removebg-preview.png","contentUrl":"https:\/\/ajrest.pl\/sklep\/wp-content\/uploads\/sites\/2\/2023\/10\/Masaz-uciskowy-ajrest-1-scaled.jpg-removebg-preview.png","width":616,"height":405},{"@type":"BreadcrumbList","@id":"https:\/\/ajrest.pl\/sklep\/produkt\/drenaz-limfatyczny-presoterapia-sp-3000-wynajem\/#breadcrumb","itemListElement":[{"@type":"ListItem","position":1,"name":"Strona g\u0142\u00f3wna","item":"https:\/\/ajrest.pl\/sklep\/"},{"@type":"ListItem","position":2,"name":"Shop","item":"https:\/\/ajrest.pl\/sklep\/"},{"@type":"ListItem","position":3,"name":"Drena\u017c Limfatyczny, Presoterapia SP-3000"}]},{"@type":"WebSite","@id":"https:\/\/ajrest.pl\/sklep\/#website","url":"https:\/\/ajrest.pl\/sklep\/","name":"Producent Rollmasa\u017cy - Sklep Sprzeda\u017c i Wynajem - Rollmasa\u017c, Roller, Roletic, Masa\u017c, Masa\u017c Limfatyczny, Studio Figura, Masa\u017cer, Producent rollmasa\u017cy, Rolki, Urz\u0105dzenia do Masa\u017cu, Drena\u017c Limfatyczny","description":"Producent Rollmasa\u017cer\u00f3w - Sklep Sprzeda\u017c i Wynajem - Rollmasa\u017c, Roller, Roletic, Masa\u017c, Studio Figura, Masa\u017c Limfatyczny, Masa\u017cer, Producent rollmasa\u017cy, Rolki, Urz\u0105dzenia do Masa\u017cu, Drena\u017c Limfatyczny","publisher":{"@id":"https:\/\/ajrest.pl\/sklep\/#organization"},"potentialAction":[{"@type":"SearchAction","target":{"@type":"EntryPoint","urlTemplate":"https:\/\/ajrest.pl\/sklep\/?s={search_term_string}"},"query-input":{"@type":"PropertyValueSpecification","valueRequired":true,"valueName":"search_term_string"}}],"inLanguage":"pl-PL"},{"@type":"Organization","@id":"https:\/\/ajrest.pl\/sklep\/#organization","name":"Producent Rollmasa\u017cy - Sklep Sprzeda\u017c i Wynajem - Rollmasa\u017c, Roller, Roletic, Masa\u017c, Masa\u017c Limfatyczny, Studio Figura, Masa\u017cer, Producent rollmasa\u017cy, Rolki, Urz\u0105dzenia do Masa\u017cu, Drena\u017c Limfatyczny","url":"https:\/\/ajrest.pl\/sklep\/","logo":{"@type":"ImageObject","inLanguage":"pl-PL","@id":"https:\/\/ajrest.pl\/sklep\/#\/schema\/logo\/image\/","url":"https:\/\/ajrest.pl\/sklep\/wp-content\/uploads\/sites\/2\/2022\/01\/BE-FIT-AND-HEALTH-ROLL-YOURSELF-1-e1642423074585.png","contentUrl":"https:\/\/ajrest.pl\/sklep\/wp-content\/uploads\/sites\/2\/2022\/01\/BE-FIT-AND-HEALTH-ROLL-YOURSELF-1-e1642423074585.png","width":500,"height":138,"caption":"Producent Rollmasa\u017cy - Sklep Sprzeda\u017c i Wynajem - Rollmasa\u017c, Roller, Roletic, Masa\u017c, Masa\u017c Limfatyczny, Studio Figura, Masa\u017cer, Producent rollmasa\u017cy, Rolki, Urz\u0105dzenia do Masa\u017cu, Drena\u017c Limfatyczny"},"image":{"@id":"https:\/\/ajrest.pl\/sklep\/#\/schema\/logo\/image\/"}}]}},"_links":{"self":[{"href":"https:\/\/ajrest.pl\/sklep\/wp-json\/wp\/v2\/product\/6204","targetHints":{"allow":["GET"]}}],"collection":[{"href":"https:\/\/ajrest.pl\/sklep\/wp-json\/wp\/v2\/product"}],"about":[{"href":"https:\/\/ajrest.pl\/sklep\/wp-json\/wp\/v2\/types\/product"}],"wp:featuredmedia":[{"embeddable":true,"href":"https:\/\/ajrest.pl\/sklep\/wp-json\/wp\/v2\/media\/9551"}],"wp:attachment":[{"href":"https:\/\/ajrest.pl\/sklep\/wp-json\/wp\/v2\/media?parent=6204"}],"wp:term":[{"taxonomy":"product_brand","embeddable":true,"href":"https:\/\/ajrest.pl\/sklep\/wp-json\/wp\/v2\/product_brand?post=6204"},{"taxonomy":"product_cat","embeddable":true,"href":"https:\/\/ajrest.pl\/sklep\/wp-json\/wp\/v2\/product_cat?post=6204"},{"taxonomy":"product_tag","embeddable":true,"href":"https:\/\/ajrest.pl\/sklep\/wp-json\/wp\/v2\/product_tag?post=6204"}],"curies":[{"name":"wp","href":"https:\/\/api.w.org\/{rel}","templated":true}]}}