{"id":5537,"date":"2023-10-26T15:30:38","date_gmt":"2023-10-26T13:30:38","guid":{"rendered":"https:\/\/ajrest.pl\/sklep\/?post_type=product&#038;p=5537"},"modified":"2026-05-01T22:12:07","modified_gmt":"2026-05-01T20:12:07","slug":"rollmasaz-z-podczerwienia-i-kolagenem-kopia-kopia","status":"publish","type":"product","link":"https:\/\/ajrest.pl\/sklep\/produkt\/rollmasaz-z-podczerwienia-i-kolagenem-kopia-kopia\/","title":{"rendered":"Rollmasa\u017cer Standard z Podczerwieni\u0105 i Kolagenem"},"content":{"rendered":"<p>ROLLMASA\u017bER Standard z kolagenem &#8211; funkcjonalne urz\u0105dzenie ze sterowaniem manualnym, wyposa\u017cone w lamp\u0119 podczerwon\u0105 IR oraz soczewki kolagenowe, mo\u017cliwo\u015b\u0107 zmiany szybko\u015bci obrotu i kierunku b\u0119bna<\/p>\n<h2>Jakie s\u0105 zalety naszego rollmasa\u017cera z podczerwieni\u0105 i kolagenem typu standard?<\/h2>\n<p>\u2022 Niski pob\u00f3r pr\u0105du<br \/>\n\u2022 Nowy, funkcjonalny sterownik<br \/>\n\u2022 \u0141atwa obs\u0142uga<br \/>\n\u2022 Bez konieczno\u015bci zatrudniania dodatkowej osoby, klientki same obs\u0142uguj\u0105 urz\u0105dzenie<br \/>\n\u2022 Du\u017ca grupa docelowa, urz\u0105dzenie \u0142\u0105czy w sobie efekty wyszczuplaj\u0105ce, reguluj\u0105ce i zdrowotne<br \/>\n\u2022 Gwarancja dla zastosowa\u0144 komercyjnych: 12 m-cy, dla klient\u00f3w prywatnych &#8211; 24 m-ce<br \/>\n\u2022 Polski producent &#8211; ajREST<\/p>\n<h2>Dane techniczne:<\/h2>\n<p>\u2022 Wymiary d\u0142\/szer\/wys 90\/56\/75 cm<br \/>\n\u2022 Waga urz\u0105dzenia 75kg<br \/>\n\u2022 Tralki z drewna bukowego (lakierowane, bejcowane lub malowane)<br \/>\n\u2022 Elementy urz\u0105dzenia (drewniane i metalowe) wycinane metod\u0105 CNC<br \/>\n\u2022 Elementy metalowe malowane metod\u0105 proszkow\u0105<br \/>\n\u2022 P\u0142ynna regulacja obrot\u00f3w<br \/>\n\u2022 Obroty prawe i lewe<br \/>\n\u2022 Silnik z ch\u0142odzeniem<br \/>\n\u2022 Mo\u017cliwo\u015b\u0107 wy\u0142\u0105czenia podczerwieni<br \/>\n\u2022 Mo\u017cliwo\u015b\u0107 wy\u0142\u0105czenia lampy kolagenowej<br \/>\n\u2022 Zabezpieczenie przed przeci\u0105\u017ceniem<br \/>\n\u2022 Zabezpieczenie przed wci\u0105gni\u0119ciem<br \/>\n\u2022 Zatrzymanie b\u0119bna<br \/>\n\u2022 Zasilanie 230V, 50Hz, 550W (pob\u00f3r mocy zale\u017cy od obci\u0105\u017cenia)<br \/>\n\u2022 Ud\u017awig b\u0119bna 250kg<\/p>\n<h2>W zestawie z rollmasa\u017cerem otrzymujesz:<\/h2>\n<p>\u2022 Urz\u0105dzenie (z zamontowan\u0105 lamp\u0105 podczerwieni &#8211; \u017carnikiem oraz soczewkami kolagenowymi)<br \/>\n\u2022 Sto\u0142ek (d\u0142\/szer\/wys 48\/48\/39 cm)<br \/>\n\u2022 Mata (d\u0142\/szer\/wys 48\/48\/3 cm)<br \/>\n\u2022 Plakat z pozycjami masa\u017cu<br \/>\n\u2022 Plakat z czasami<\/p>\n<p>PRZY ZAKUPIE I WYBORZE KOLORU Z TABELI, PROSIMY O PODANIE SYMBOLU KOLORU W UWAGACH:<br \/>\n1. KOLOR PODSTAWOWY (boki, prz\u00f3d, ty\u0142 urz\u0105dzenia)<br \/>\n2. KOLOR DODATKOWY (pod\u0142okietniki, mata, siedzisko taboretu)<br \/>\n3. ROLKI (naturalne, bejcowane, bia\u0142e, czarne, naturalno-bejcowane, bia\u0142o czarne)<\/p>\n<p>Mo\u017cesz te\u017c zaprojektowa\u0107 swoje w\u0142asne urz\u0105dzenie do masa\u017cu rolkowego, korzystaj\u0105c z naszego <a href=\"https:\/\/ajrest.pl\/sklep\/produkt\/rollmasaz-konfigurator\/\">konfiguratora rollmasa\u017cera<\/a>.<\/p>\n<h2>A co je\u015bli nie Rollmasa\u017cer Standard z Podczerwieni\u0105 i Kolagenem?<\/h2>\n<p>Rollmasa\u017cer Standard IR + Kolagen \u0142\u0105czy w sobie to, co najlepsze w manualnym sterowaniu \u2014 ale je\u015bli zastanawiasz si\u0119 nad innymi opcjami, ajREST ma szeroki wyb\u00f3r.<\/p>\n<p>Dla tych, kt\u00f3rzy stawiaj\u0105 pierwsze kroki z rollmasa\u017cem, <a href=\"https:\/\/ajrest.pl\/sklep\/produkt\/rolletic-basic-4\/\">Rollmasa\u017cer Basic<\/a> to prosty i przyst\u0119pny start, a <a href=\"https:\/\/ajrest.pl\/sklep\/produkt\/rollmasaz-7\/\">Standard z IR<\/a> doda do masa\u017cu dzia\u0142anie podczerwieni bez stymulacji kolagenowej.<\/p>\n<p>Je\u015bli natomiast zale\u017cy Ci na wygodzie elektronicznego sterowania, <a href=\"https:\/\/ajrest.pl\/sklep\/produkt\/rollmasaz-lux-z-podczerwienia-i-kolagenem-3\/\">Rollmasa\u017cer Pro<\/a> oferuje te same funkcje co Standard IR + Kolagen, ale z panelem dotykowym. A je\u015bli chcesz maksimum mo\u017cliwo\u015bci \u2014 tryby Wave i Turbo w jednym urz\u0105dzeniu \u2014 <a href=\"https:\/\/ajrest.pl\/sklep\/produkt\/rollmasazer-pro-plus-z-podczerwienia-i-kolagenem\/\">Rollmasa\u017cer Pro Plus<\/a> to wyb\u00f3r bez kompromis\u00f3w.<\/p>\n","protected":false},"excerpt":{"rendered":"<p>ROLLMASA\u017bER Standard z kolagenem &#8211; funkcjonalne urz\u0105dzenie ze sterowaniem manualnym, wyposa\u017cone w lamp\u0119 podczerwon\u0105 IR oraz soczewki kolagenowe, mo\u017cliwo\u015b\u0107 zmiany szybko\u015bci obrotu i kierunku b\u0119bna Jakie s\u0105 zalety naszego rollmasa\u017cera z podczerwieni\u0105 i kolagenem typu standard? \u2022 Niski pob\u00f3r pr\u0105du \u2022 Nowy, funkcjonalny sterownik \u2022 \u0141atwa obs\u0142uga \u2022 Bez konieczno\u015bci zatrudniania dodatkowej osoby, klientki same [&hellip;]<\/p>\n","protected":false},"featured_media":9125,"template":"","meta":{"_acf_changed":false},"product_brand":[],"product_cat":[17,84],"product_tag":[],"class_list":{"0":"post-5537","1":"product","2":"type-product","3":"status-publish","4":"has-post-thumbnail","6":"product_cat-rollmasazery","7":"product_cat-standard-irkolagen","9":"first","10":"instock","11":"featured","12":"taxable","13":"shipping-taxable","14":"purchasable","15":"product-type-simple"},"acf":[],"yoast_head":"<!-- This site is optimized with the Yoast SEO plugin v27.0 - https:\/\/yoast.com\/product\/yoast-seo-wordpress\/ -->\n<title>Rollmasa\u017cer Standard z Podczerwieni\u0105 i Kolagenem | ajRest.pl<\/title>\n<meta name=\"description\" content=\"Rollmasa\u017cer Standard z Podczerwieni\u0105 i Kolagenem. Prosto od producenta. Sprzeda\u017c i wynajem.\" \/>\n<meta name=\"robots\" content=\"index, follow, max-snippet:-1, max-image-preview:large, max-video-preview:-1\" \/>\n<link rel=\"canonical\" href=\"https:\/\/ajrest.pl\/sklep\/produkt\/rollmasaz-z-podczerwienia-i-kolagenem-kopia-kopia\/\" \/>\n<meta property=\"og:locale\" content=\"pl_PL\" \/>\n<meta property=\"og:type\" content=\"article\" \/>\n<meta property=\"og:title\" content=\"Rollmasa\u017cer Standard z Podczerwieni\u0105 i Kolagenem | ajRest.pl\" \/>\n<meta property=\"og:description\" content=\"Rollmasa\u017cer Standard z Podczerwieni\u0105 i Kolagenem. Prosto od producenta. Sprzeda\u017c i wynajem.\" \/>\n<meta property=\"og:url\" content=\"https:\/\/ajrest.pl\/sklep\/produkt\/rollmasaz-z-podczerwienia-i-kolagenem-kopia-kopia\/\" \/>\n<meta property=\"og:site_name\" content=\"Producent Rollmasa\u017cy - Sklep Sprzeda\u017c i Wynajem - Rollmasa\u017c, Roller, Roletic, Masa\u017c, Masa\u017c Limfatyczny, Studio Figura, Masa\u017cer, Producent rollmasa\u017cy, Rolki, Urz\u0105dzenia do Masa\u017cu, Drena\u017c Limfatyczny\" \/>\n<meta property=\"article:modified_time\" content=\"2026-05-01T20:12:07+00:00\" \/>\n<meta property=\"og:image\" content=\"https:\/\/ajrest.pl\/sklep\/wp-content\/uploads\/sites\/2\/2022\/03\/38_A-1024x1024.png\" \/>\n\t<meta property=\"og:image:width\" content=\"1024\" \/>\n\t<meta property=\"og:image:height\" content=\"1024\" \/>\n\t<meta property=\"og:image:type\" content=\"image\/png\" \/>\n<meta name=\"twitter:card\" content=\"summary_large_image\" \/>\n<meta name=\"twitter:label1\" content=\"Szacowany czas czytania\" \/>\n\t<meta name=\"twitter:data1\" content=\"2 minuty\" \/>\n<script type=\"application\/ld+json\" class=\"yoast-schema-graph\">{\"@context\":\"https:\/\/schema.org\",\"@graph\":[{\"@type\":\"WebPage\",\"@id\":\"https:\/\/ajrest.pl\/sklep\/produkt\/rollmasaz-z-podczerwienia-i-kolagenem-kopia-kopia\/\",\"url\":\"https:\/\/ajrest.pl\/sklep\/produkt\/rollmasaz-z-podczerwienia-i-kolagenem-kopia-kopia\/\",\"name\":\"Rollmasa\u017cer Standard z Podczerwieni\u0105 i Kolagenem | ajRest.pl\",\"isPartOf\":{\"@id\":\"https:\/\/ajrest.pl\/sklep\/#website\"},\"primaryImageOfPage\":{\"@id\":\"https:\/\/ajrest.pl\/sklep\/produkt\/rollmasaz-z-podczerwienia-i-kolagenem-kopia-kopia\/#primaryimage\"},\"image\":{\"@id\":\"https:\/\/ajrest.pl\/sklep\/produkt\/rollmasaz-z-podczerwienia-i-kolagenem-kopia-kopia\/#primaryimage\"},\"thumbnailUrl\":\"https:\/\/ajrest.pl\/sklep\/wp-content\/uploads\/sites\/2\/2022\/03\/38_A.png\",\"datePublished\":\"2023-10-26T13:30:38+00:00\",\"dateModified\":\"2026-05-01T20:12:07+00:00\",\"description\":\"Rollmasa\u017cer Standard z Podczerwieni\u0105 i Kolagenem. Prosto od producenta. Sprzeda\u017c i wynajem.\",\"breadcrumb\":{\"@id\":\"https:\/\/ajrest.pl\/sklep\/produkt\/rollmasaz-z-podczerwienia-i-kolagenem-kopia-kopia\/#breadcrumb\"},\"inLanguage\":\"pl-PL\",\"potentialAction\":[{\"@type\":\"ReadAction\",\"target\":[\"https:\/\/ajrest.pl\/sklep\/produkt\/rollmasaz-z-podczerwienia-i-kolagenem-kopia-kopia\/\"]}]},{\"@type\":\"ImageObject\",\"inLanguage\":\"pl-PL\",\"@id\":\"https:\/\/ajrest.pl\/sklep\/produkt\/rollmasaz-z-podczerwienia-i-kolagenem-kopia-kopia\/#primaryimage\",\"url\":\"https:\/\/ajrest.pl\/sklep\/wp-content\/uploads\/sites\/2\/2022\/03\/38_A.png\",\"contentUrl\":\"https:\/\/ajrest.pl\/sklep\/wp-content\/uploads\/sites\/2\/2022\/03\/38_A.png\",\"width\":2560,\"height\":2560,\"caption\":\"roller body machine\"},{\"@type\":\"BreadcrumbList\",\"@id\":\"https:\/\/ajrest.pl\/sklep\/produkt\/rollmasaz-z-podczerwienia-i-kolagenem-kopia-kopia\/#breadcrumb\",\"itemListElement\":[{\"@type\":\"ListItem\",\"position\":1,\"name\":\"Strona g\u0142\u00f3wna\",\"item\":\"https:\/\/ajrest.pl\/sklep\/\"},{\"@type\":\"ListItem\",\"position\":2,\"name\":\"Shop\",\"item\":\"https:\/\/ajrest.pl\/sklep\/\"},{\"@type\":\"ListItem\",\"position\":3,\"name\":\"Rollmasa\u017cer Standard z Podczerwieni\u0105 i Kolagenem\"}]},{\"@type\":\"WebSite\",\"@id\":\"https:\/\/ajrest.pl\/sklep\/#website\",\"url\":\"https:\/\/ajrest.pl\/sklep\/\",\"name\":\"Producent Rollmasa\u017cy - Sklep Sprzeda\u017c i Wynajem - Rollmasa\u017c, Roller, Roletic, Masa\u017c, Masa\u017c Limfatyczny, Studio Figura, Masa\u017cer, Producent rollmasa\u017cy, Rolki, Urz\u0105dzenia do Masa\u017cu, Drena\u017c Limfatyczny\",\"description\":\"Producent Rollmasa\u017cer\u00f3w - Sklep Sprzeda\u017c i Wynajem - Rollmasa\u017c, Roller, Roletic, Masa\u017c, Studio Figura, Masa\u017c Limfatyczny, Masa\u017cer, Producent rollmasa\u017cy, Rolki, Urz\u0105dzenia do Masa\u017cu, Drena\u017c Limfatyczny\",\"publisher\":{\"@id\":\"https:\/\/ajrest.pl\/sklep\/#organization\"},\"potentialAction\":[{\"@type\":\"SearchAction\",\"target\":{\"@type\":\"EntryPoint\",\"urlTemplate\":\"https:\/\/ajrest.pl\/sklep\/?s={search_term_string}\"},\"query-input\":{\"@type\":\"PropertyValueSpecification\",\"valueRequired\":true,\"valueName\":\"search_term_string\"}}],\"inLanguage\":\"pl-PL\"},{\"@type\":\"Organization\",\"@id\":\"https:\/\/ajrest.pl\/sklep\/#organization\",\"name\":\"Producent Rollmasa\u017cy - Sklep Sprzeda\u017c i Wynajem - Rollmasa\u017c, Roller, Roletic, Masa\u017c, Masa\u017c Limfatyczny, Studio Figura, Masa\u017cer, Producent rollmasa\u017cy, Rolki, Urz\u0105dzenia do Masa\u017cu, Drena\u017c Limfatyczny\",\"url\":\"https:\/\/ajrest.pl\/sklep\/\",\"logo\":{\"@type\":\"ImageObject\",\"inLanguage\":\"pl-PL\",\"@id\":\"https:\/\/ajrest.pl\/sklep\/#\/schema\/logo\/image\/\",\"url\":\"https:\/\/ajrest.pl\/sklep\/wp-content\/uploads\/sites\/2\/2022\/01\/BE-FIT-AND-HEALTH-ROLL-YOURSELF-1-e1642423074585.png\",\"contentUrl\":\"https:\/\/ajrest.pl\/sklep\/wp-content\/uploads\/sites\/2\/2022\/01\/BE-FIT-AND-HEALTH-ROLL-YOURSELF-1-e1642423074585.png\",\"width\":500,\"height\":138,\"caption\":\"Producent Rollmasa\u017cy - Sklep Sprzeda\u017c i Wynajem - Rollmasa\u017c, Roller, Roletic, Masa\u017c, Masa\u017c Limfatyczny, Studio Figura, Masa\u017cer, Producent rollmasa\u017cy, Rolki, Urz\u0105dzenia do Masa\u017cu, Drena\u017c Limfatyczny\"},\"image\":{\"@id\":\"https:\/\/ajrest.pl\/sklep\/#\/schema\/logo\/image\/\"}}]}<\/script>\n<!-- \/ Yoast SEO plugin. -->","yoast_head_json":{"title":"Rollmasa\u017cer Standard z Podczerwieni\u0105 i Kolagenem | ajRest.pl","description":"Rollmasa\u017cer Standard z Podczerwieni\u0105 i Kolagenem. Prosto od producenta. Sprzeda\u017c i wynajem.","robots":{"index":"index","follow":"follow","max-snippet":"max-snippet:-1","max-image-preview":"max-image-preview:large","max-video-preview":"max-video-preview:-1"},"canonical":"https:\/\/ajrest.pl\/sklep\/produkt\/rollmasaz-z-podczerwienia-i-kolagenem-kopia-kopia\/","og_locale":"pl_PL","og_type":"article","og_title":"Rollmasa\u017cer Standard z Podczerwieni\u0105 i Kolagenem | ajRest.pl","og_description":"Rollmasa\u017cer Standard z Podczerwieni\u0105 i Kolagenem. Prosto od producenta. Sprzeda\u017c i wynajem.","og_url":"https:\/\/ajrest.pl\/sklep\/produkt\/rollmasaz-z-podczerwienia-i-kolagenem-kopia-kopia\/","og_site_name":"Producent Rollmasa\u017cy - Sklep Sprzeda\u017c i Wynajem - Rollmasa\u017c, Roller, Roletic, Masa\u017c, Masa\u017c Limfatyczny, Studio Figura, Masa\u017cer, Producent rollmasa\u017cy, Rolki, Urz\u0105dzenia do Masa\u017cu, Drena\u017c Limfatyczny","article_modified_time":"2026-05-01T20:12:07+00:00","og_image":[{"width":1024,"height":1024,"url":"https:\/\/ajrest.pl\/sklep\/wp-content\/uploads\/sites\/2\/2022\/03\/38_A-1024x1024.png","type":"image\/png"}],"twitter_card":"summary_large_image","twitter_misc":{"Szacowany czas czytania":"2 minuty"},"schema":{"@context":"https:\/\/schema.org","@graph":[{"@type":"WebPage","@id":"https:\/\/ajrest.pl\/sklep\/produkt\/rollmasaz-z-podczerwienia-i-kolagenem-kopia-kopia\/","url":"https:\/\/ajrest.pl\/sklep\/produkt\/rollmasaz-z-podczerwienia-i-kolagenem-kopia-kopia\/","name":"Rollmasa\u017cer Standard z Podczerwieni\u0105 i Kolagenem | ajRest.pl","isPartOf":{"@id":"https:\/\/ajrest.pl\/sklep\/#website"},"primaryImageOfPage":{"@id":"https:\/\/ajrest.pl\/sklep\/produkt\/rollmasaz-z-podczerwienia-i-kolagenem-kopia-kopia\/#primaryimage"},"image":{"@id":"https:\/\/ajrest.pl\/sklep\/produkt\/rollmasaz-z-podczerwienia-i-kolagenem-kopia-kopia\/#primaryimage"},"thumbnailUrl":"https:\/\/ajrest.pl\/sklep\/wp-content\/uploads\/sites\/2\/2022\/03\/38_A.png","datePublished":"2023-10-26T13:30:38+00:00","dateModified":"2026-05-01T20:12:07+00:00","description":"Rollmasa\u017cer Standard z Podczerwieni\u0105 i Kolagenem. Prosto od producenta. Sprzeda\u017c i wynajem.","breadcrumb":{"@id":"https:\/\/ajrest.pl\/sklep\/produkt\/rollmasaz-z-podczerwienia-i-kolagenem-kopia-kopia\/#breadcrumb"},"inLanguage":"pl-PL","potentialAction":[{"@type":"ReadAction","target":["https:\/\/ajrest.pl\/sklep\/produkt\/rollmasaz-z-podczerwienia-i-kolagenem-kopia-kopia\/"]}]},{"@type":"ImageObject","inLanguage":"pl-PL","@id":"https:\/\/ajrest.pl\/sklep\/produkt\/rollmasaz-z-podczerwienia-i-kolagenem-kopia-kopia\/#primaryimage","url":"https:\/\/ajrest.pl\/sklep\/wp-content\/uploads\/sites\/2\/2022\/03\/38_A.png","contentUrl":"https:\/\/ajrest.pl\/sklep\/wp-content\/uploads\/sites\/2\/2022\/03\/38_A.png","width":2560,"height":2560,"caption":"roller body machine"},{"@type":"BreadcrumbList","@id":"https:\/\/ajrest.pl\/sklep\/produkt\/rollmasaz-z-podczerwienia-i-kolagenem-kopia-kopia\/#breadcrumb","itemListElement":[{"@type":"ListItem","position":1,"name":"Strona g\u0142\u00f3wna","item":"https:\/\/ajrest.pl\/sklep\/"},{"@type":"ListItem","position":2,"name":"Shop","item":"https:\/\/ajrest.pl\/sklep\/"},{"@type":"ListItem","position":3,"name":"Rollmasa\u017cer Standard z Podczerwieni\u0105 i Kolagenem"}]},{"@type":"WebSite","@id":"https:\/\/ajrest.pl\/sklep\/#website","url":"https:\/\/ajrest.pl\/sklep\/","name":"Producent Rollmasa\u017cy - Sklep Sprzeda\u017c i Wynajem - Rollmasa\u017c, Roller, Roletic, Masa\u017c, Masa\u017c Limfatyczny, Studio Figura, Masa\u017cer, Producent rollmasa\u017cy, Rolki, Urz\u0105dzenia do Masa\u017cu, Drena\u017c Limfatyczny","description":"Producent Rollmasa\u017cer\u00f3w - Sklep Sprzeda\u017c i Wynajem - Rollmasa\u017c, Roller, Roletic, Masa\u017c, Studio Figura, Masa\u017c Limfatyczny, Masa\u017cer, Producent rollmasa\u017cy, Rolki, Urz\u0105dzenia do Masa\u017cu, Drena\u017c Limfatyczny","publisher":{"@id":"https:\/\/ajrest.pl\/sklep\/#organization"},"potentialAction":[{"@type":"SearchAction","target":{"@type":"EntryPoint","urlTemplate":"https:\/\/ajrest.pl\/sklep\/?s={search_term_string}"},"query-input":{"@type":"PropertyValueSpecification","valueRequired":true,"valueName":"search_term_string"}}],"inLanguage":"pl-PL"},{"@type":"Organization","@id":"https:\/\/ajrest.pl\/sklep\/#organization","name":"Producent Rollmasa\u017cy - Sklep Sprzeda\u017c i Wynajem - Rollmasa\u017c, Roller, Roletic, Masa\u017c, Masa\u017c Limfatyczny, Studio Figura, Masa\u017cer, Producent rollmasa\u017cy, Rolki, Urz\u0105dzenia do Masa\u017cu, Drena\u017c Limfatyczny","url":"https:\/\/ajrest.pl\/sklep\/","logo":{"@type":"ImageObject","inLanguage":"pl-PL","@id":"https:\/\/ajrest.pl\/sklep\/#\/schema\/logo\/image\/","url":"https:\/\/ajrest.pl\/sklep\/wp-content\/uploads\/sites\/2\/2022\/01\/BE-FIT-AND-HEALTH-ROLL-YOURSELF-1-e1642423074585.png","contentUrl":"https:\/\/ajrest.pl\/sklep\/wp-content\/uploads\/sites\/2\/2022\/01\/BE-FIT-AND-HEALTH-ROLL-YOURSELF-1-e1642423074585.png","width":500,"height":138,"caption":"Producent Rollmasa\u017cy - Sklep Sprzeda\u017c i Wynajem - Rollmasa\u017c, Roller, Roletic, Masa\u017c, Masa\u017c Limfatyczny, Studio Figura, Masa\u017cer, Producent rollmasa\u017cy, Rolki, Urz\u0105dzenia do Masa\u017cu, Drena\u017c Limfatyczny"},"image":{"@id":"https:\/\/ajrest.pl\/sklep\/#\/schema\/logo\/image\/"}}]}},"_links":{"self":[{"href":"https:\/\/ajrest.pl\/sklep\/wp-json\/wp\/v2\/product\/5537","targetHints":{"allow":["GET"]}}],"collection":[{"href":"https:\/\/ajrest.pl\/sklep\/wp-json\/wp\/v2\/product"}],"about":[{"href":"https:\/\/ajrest.pl\/sklep\/wp-json\/wp\/v2\/types\/product"}],"wp:featuredmedia":[{"embeddable":true,"href":"https:\/\/ajrest.pl\/sklep\/wp-json\/wp\/v2\/media\/9125"}],"wp:attachment":[{"href":"https:\/\/ajrest.pl\/sklep\/wp-json\/wp\/v2\/media?parent=5537"}],"wp:term":[{"taxonomy":"product_brand","embeddable":true,"href":"https:\/\/ajrest.pl\/sklep\/wp-json\/wp\/v2\/product_brand?post=5537"},{"taxonomy":"product_cat","embeddable":true,"href":"https:\/\/ajrest.pl\/sklep\/wp-json\/wp\/v2\/product_cat?post=5537"},{"taxonomy":"product_tag","embeddable":true,"href":"https:\/\/ajrest.pl\/sklep\/wp-json\/wp\/v2\/product_tag?post=5537"}],"curies":[{"name":"wp","href":"https:\/\/api.w.org\/{rel}","templated":true}]}}