{"id":8,"date":"2021-06-11T04:02:17","date_gmt":"2021-06-11T02:02:17","guid":{"rendered":"https:\/\/ajrest.pl\/sklep\/moje-konto\/"},"modified":"2022-02-15T15:05:24","modified_gmt":"2022-02-15T14:05:24","slug":"moje-konto","status":"publish","type":"page","link":"https:\/\/ajrest.pl\/sklep\/moje-konto\/","title":{"rendered":""},"content":{"rendered":"\t\t<div data-elementor-type=\"wp-page\" data-elementor-id=\"8\" class=\"elementor elementor-8\" data-elementor-settings=\"{&quot;ha_cmc_init_switcher&quot;:&quot;no&quot;}\" data-elementor-post-type=\"page\">\n\t\t\t\t\t\t<section class=\"elementor-section elementor-top-section elementor-element elementor-element-3090a3b elementor-section-boxed elementor-section-height-default elementor-section-height-default\" data-id=\"3090a3b\" data-element_type=\"section\" data-e-type=\"section\" data-settings=\"{&quot;_ha_eqh_enable&quot;:false}\">\n\t\t\t\t\t\t<div class=\"elementor-container elementor-column-gap-default\">\n\t\t\t\t\t<div class=\"elementor-column elementor-col-100 elementor-top-column elementor-element elementor-element-2c6dd392\" data-id=\"2c6dd392\" data-element_type=\"column\" data-e-type=\"column\" data-settings=\"{&quot;background_background&quot;:&quot;classic&quot;}\">\n\t\t\t<div class=\"elementor-widget-wrap elementor-element-populated\">\n\t\t\t\t\t\t<div class=\"elementor-element elementor-element-7d962b32 ha-has-bg-overlay elementor-widget elementor-widget-text-editor\" data-id=\"7d962b32\" data-element_type=\"widget\" data-e-type=\"widget\" data-widget_type=\"text-editor.default\">\n\t\t\t\t<div class=\"elementor-widget-container\">\n\t\t\t\t\t\t\t\t\t<div class=\"woocommerce\">\n<div class=\"woocommerce-notices-wrapper\"><\/div>\n<div class=\"u-columns col2-set\" id=\"customer_login\">\n<div class=\"u-column1 col-1\">\n<h2>Logowanie<\/h2>\n<form class=\"woocommerce-form woocommerce-form-login login\" method=\"post\" novalidate>\n<p class=\"woocommerce-form-row woocommerce-form-row--wide form-row form-row-wide\">\n\t\t\t\t<label for=\"username\">Nazwa u\u017cytkownika lub adres e-mail&nbsp;<span class=\"required\" aria-hidden=\"true\">*<\/span><span class=\"screen-reader-text\">Wymagane<\/span><\/label><br \/>\n\t\t\t\t<input type=\"text\" class=\"woocommerce-Input woocommerce-Input--text input-text\" name=\"username\" id=\"username\" autocomplete=\"username\" value=\"\" required aria-required=\"true\" \/>\t\t\t<\/p>\n<p class=\"woocommerce-form-row woocommerce-form-row--wide form-row form-row-wide\">\n\t\t\t\t<label for=\"password\">Has\u0142o&nbsp;<span class=\"required\" aria-hidden=\"true\">*<\/span><span class=\"screen-reader-text\">Wymagane<\/span><\/label><br \/>\n\t\t\t\t<input class=\"woocommerce-Input woocommerce-Input--text input-text\" type=\"password\" name=\"password\" id=\"password\" autocomplete=\"current-password\" required aria-required=\"true\" \/>\n\t\t\t<\/p>\n<p class=\"form-row\">\n\t\t\t\t<label class=\"woocommerce-form__label woocommerce-form__label-for-checkbox woocommerce-form-login__rememberme\"><br \/>\n\t\t\t\t\t<input class=\"woocommerce-form__input woocommerce-form__input-checkbox\" name=\"rememberme\" type=\"checkbox\" id=\"rememberme\" value=\"forever\" \/> <span>Zapami\u0119taj mnie<\/span><br \/>\n\t\t\t\t<\/label><br \/>\n\t\t\t\t<input type=\"hidden\" id=\"woocommerce-login-nonce\" name=\"woocommerce-login-nonce\" value=\"be8f9e4f3f\" \/><input type=\"hidden\" name=\"_wp_http_referer\" value=\"\/sklep\/wp-json\/wp\/v2\/pages\/8\" \/>\t\t\t\t<button type=\"submit\" class=\"woocommerce-button button woocommerce-form-login__submit\" name=\"login\" value=\"Zaloguj si\u0119\">Zaloguj si\u0119<\/button>\n\t\t\t<\/p>\n<p class=\"woocommerce-LostPassword lost_password\">\n\t\t\t\t<a href=\"https:\/\/ajrest.pl\/sklep\/moje-konto\/lost-password\/\">Nie pami\u0119tasz has\u0142a?<\/a>\n\t\t\t<\/p>\n<\/p><\/form>\n<\/p><\/div>\n<div class=\"u-column2 col-2\">\n<h2>Zarejestruj si\u0119<\/h2>\n<form method=\"post\" class=\"woocommerce-form woocommerce-form-register register\"  >\n<p class=\"woocommerce-form-row woocommerce-form-row--wide form-row form-row-wide\">\n\t\t\t\t<label for=\"reg_email\">Adres e-mail&nbsp;<span class=\"required\" aria-hidden=\"true\">*<\/span><span class=\"screen-reader-text\">Wymagane<\/span><\/label><br \/>\n\t\t\t\t<input type=\"email\" class=\"woocommerce-Input woocommerce-Input--text input-text\" name=\"email\" id=\"reg_email\" autocomplete=\"email\" value=\"\" required aria-required=\"true\" \/>\t\t\t<\/p>\n<p>Na adres e-mail zostanie wys\u0142any odno\u015bnik do ustawienia nowego has\u0142a.<\/p>\n<p>\t\t\t<wc-order-attribution-inputs><\/wc-order-attribution-inputs><\/p>\n<div class=\"woocommerce-privacy-policy-text\"><\/div>\n<p class=\"woocommerce-form-row form-row\">\n\t\t\t\t<input type=\"hidden\" id=\"woocommerce-register-nonce\" name=\"woocommerce-register-nonce\" value=\"2851ee7632\" \/><input type=\"hidden\" name=\"_wp_http_referer\" value=\"\/sklep\/wp-json\/wp\/v2\/pages\/8\" \/>\t\t\t\t<button type=\"submit\" class=\"woocommerce-Button woocommerce-button button woocommerce-form-register__submit\" name=\"register\" value=\"Zarejestruj si\u0119\">Zarejestruj si\u0119<\/button>\n\t\t\t<\/p>\n<\/p><\/form>\n<\/p><\/div>\n<\/div>\n<\/div>\n\n\n\n<pre class=\"wp-block-code\"><code><\/code><\/pre>\n\n\n\n<pre class=\"wp-block-code\"><code><\/code><\/pre>\n\n\n\n<pre class=\"wp-block-code\"><code><\/code><\/pre>\n\n\n\n<pre class=\"wp-block-code\"><code><\/code><\/pre>\n\t\t\t\t\t\t\t\t<\/div>\n\t\t\t\t<\/div>\n\t\t\t\t\t<\/div>\n\t\t<\/div>\n\t\t\t\t\t<\/div>\n\t\t<\/section>\n\t\t\t\t<\/div>\n\t\t","protected":false},"excerpt":{"rendered":"","protected":false},"author":1,"featured_media":0,"parent":0,"menu_order":0,"comment_status":"closed","ping_status":"closed","template":"","meta":{"_acf_changed":false,"footnotes":""},"class_list":["post-8","page","type-page","status-publish","hentry"],"acf":[],"yoast_head":"<!-- This site is optimized with the Yoast SEO plugin v27.0 - https:\/\/yoast.com\/product\/yoast-seo-wordpress\/ -->\n<title>Rollmasa\u017cery sklep i wypo\u017cyczalnia. Zam\u00f3w Rollmasa\u017cer! Masa\u017cery.<\/title>\n<meta name=\"description\" content=\"Masa\u017cery najwy\u017cszej jako\u015bci. Kup lub wypo\u017cycz masa\u017cer i pozb\u0105d\u017a si\u0119 cellulitu. Oferujemy sprzeda\u017c i wynajem rollmasa\u017cer\u00f3w.\" \/>\n<meta name=\"robots\" content=\"index, follow, max-snippet:-1, max-image-preview:large, max-video-preview:-1\" \/>\n<link rel=\"canonical\" href=\"https:\/\/ajrest.pl\/sklep\/moje-konto\/\" \/>\n<meta property=\"og:locale\" content=\"pl_PL\" \/>\n<meta property=\"og:type\" content=\"article\" \/>\n<meta property=\"og:title\" content=\"Rollmasa\u017cery sklep i wypo\u017cyczalnia. Zam\u00f3w Rollmasa\u017cer! Masa\u017cery.\" \/>\n<meta property=\"og:description\" content=\"Masa\u017cery najwy\u017cszej jako\u015bci. Kup lub wypo\u017cycz masa\u017cer i pozb\u0105d\u017a si\u0119 cellulitu. Oferujemy sprzeda\u017c i wynajem rollmasa\u017cer\u00f3w.\" \/>\n<meta property=\"og:url\" content=\"https:\/\/ajrest.pl\/sklep\/moje-konto\/\" \/>\n<meta property=\"og:site_name\" content=\"Producent Rollmasa\u017cy - Sklep Sprzeda\u017c i Wynajem - Rollmasa\u017c, Roller, Roletic, Masa\u017c, Masa\u017c Limfatyczny, Studio Figura, Masa\u017cer, Producent rollmasa\u017cy, Rolki, Urz\u0105dzenia do Masa\u017cu, Drena\u017c Limfatyczny\" \/>\n<meta property=\"article:modified_time\" content=\"2022-02-15T14:05:24+00:00\" \/>\n<meta name=\"twitter:card\" content=\"summary_large_image\" \/>\n<meta name=\"twitter:label1\" content=\"Szacowany czas czytania\" \/>\n\t<meta name=\"twitter:data1\" content=\"1 minuta\" \/>\n<script type=\"application\/ld+json\" class=\"yoast-schema-graph\">{\"@context\":\"https:\/\/schema.org\",\"@graph\":[{\"@type\":\"WebPage\",\"@id\":\"https:\/\/ajrest.pl\/sklep\/moje-konto\/\",\"url\":\"https:\/\/ajrest.pl\/sklep\/moje-konto\/\",\"name\":\"Rollmasa\u017cery sklep i wypo\u017cyczalnia. Zam\u00f3w Rollmasa\u017cer! Masa\u017cery.\",\"isPartOf\":{\"@id\":\"https:\/\/ajrest.pl\/sklep\/#website\"},\"datePublished\":\"2021-06-11T02:02:17+00:00\",\"dateModified\":\"2022-02-15T14:05:24+00:00\",\"description\":\"Masa\u017cery najwy\u017cszej jako\u015bci. Kup lub wypo\u017cycz masa\u017cer i pozb\u0105d\u017a si\u0119 cellulitu. Oferujemy sprzeda\u017c i wynajem rollmasa\u017cer\u00f3w.\",\"inLanguage\":\"pl-PL\",\"potentialAction\":[{\"@type\":\"ReadAction\",\"target\":[\"https:\/\/ajrest.pl\/sklep\/moje-konto\/\"]}]},{\"@type\":\"WebSite\",\"@id\":\"https:\/\/ajrest.pl\/sklep\/#website\",\"url\":\"https:\/\/ajrest.pl\/sklep\/\",\"name\":\"Producent Rollmasa\u017cy - Sklep Sprzeda\u017c i Wynajem - Rollmasa\u017c, Roller, Roletic, Masa\u017c, Masa\u017c Limfatyczny, Studio Figura, Masa\u017cer, Producent rollmasa\u017cy, Rolki, Urz\u0105dzenia do Masa\u017cu, Drena\u017c Limfatyczny\",\"description\":\"Producent Rollmasa\u017cer\u00f3w - Sklep Sprzeda\u017c i Wynajem - Rollmasa\u017c, Roller, Roletic, Masa\u017c, Studio Figura, Masa\u017c Limfatyczny, Masa\u017cer, Producent rollmasa\u017cy, Rolki, Urz\u0105dzenia do Masa\u017cu, Drena\u017c Limfatyczny\",\"publisher\":{\"@id\":\"https:\/\/ajrest.pl\/sklep\/#organization\"},\"potentialAction\":[{\"@type\":\"SearchAction\",\"target\":{\"@type\":\"EntryPoint\",\"urlTemplate\":\"https:\/\/ajrest.pl\/sklep\/?s={search_term_string}\"},\"query-input\":{\"@type\":\"PropertyValueSpecification\",\"valueRequired\":true,\"valueName\":\"search_term_string\"}}],\"inLanguage\":\"pl-PL\"},{\"@type\":\"Organization\",\"@id\":\"https:\/\/ajrest.pl\/sklep\/#organization\",\"name\":\"Producent Rollmasa\u017cy - Sklep Sprzeda\u017c i Wynajem - Rollmasa\u017c, Roller, Roletic, Masa\u017c, Masa\u017c Limfatyczny, Studio Figura, Masa\u017cer, Producent rollmasa\u017cy, Rolki, Urz\u0105dzenia do Masa\u017cu, Drena\u017c Limfatyczny\",\"url\":\"https:\/\/ajrest.pl\/sklep\/\",\"logo\":{\"@type\":\"ImageObject\",\"inLanguage\":\"pl-PL\",\"@id\":\"https:\/\/ajrest.pl\/sklep\/#\/schema\/logo\/image\/\",\"url\":\"https:\/\/ajrest.pl\/sklep\/wp-content\/uploads\/sites\/2\/2022\/01\/BE-FIT-AND-HEALTH-ROLL-YOURSELF-1-e1642423074585.png\",\"contentUrl\":\"https:\/\/ajrest.pl\/sklep\/wp-content\/uploads\/sites\/2\/2022\/01\/BE-FIT-AND-HEALTH-ROLL-YOURSELF-1-e1642423074585.png\",\"width\":500,\"height\":138,\"caption\":\"Producent Rollmasa\u017cy - Sklep Sprzeda\u017c i Wynajem - Rollmasa\u017c, Roller, Roletic, Masa\u017c, Masa\u017c Limfatyczny, Studio Figura, Masa\u017cer, Producent rollmasa\u017cy, Rolki, Urz\u0105dzenia do Masa\u017cu, Drena\u017c Limfatyczny\"},\"image\":{\"@id\":\"https:\/\/ajrest.pl\/sklep\/#\/schema\/logo\/image\/\"}}]}<\/script>\n<!-- \/ Yoast SEO plugin. -->","yoast_head_json":{"title":"Rollmasa\u017cery sklep i wypo\u017cyczalnia. Zam\u00f3w Rollmasa\u017cer! Masa\u017cery.","description":"Masa\u017cery najwy\u017cszej jako\u015bci. Kup lub wypo\u017cycz masa\u017cer i pozb\u0105d\u017a si\u0119 cellulitu. Oferujemy sprzeda\u017c i wynajem rollmasa\u017cer\u00f3w.","robots":{"index":"index","follow":"follow","max-snippet":"max-snippet:-1","max-image-preview":"max-image-preview:large","max-video-preview":"max-video-preview:-1"},"canonical":"https:\/\/ajrest.pl\/sklep\/moje-konto\/","og_locale":"pl_PL","og_type":"article","og_title":"Rollmasa\u017cery sklep i wypo\u017cyczalnia. Zam\u00f3w Rollmasa\u017cer! Masa\u017cery.","og_description":"Masa\u017cery najwy\u017cszej jako\u015bci. Kup lub wypo\u017cycz masa\u017cer i pozb\u0105d\u017a si\u0119 cellulitu. Oferujemy sprzeda\u017c i wynajem rollmasa\u017cer\u00f3w.","og_url":"https:\/\/ajrest.pl\/sklep\/moje-konto\/","og_site_name":"Producent Rollmasa\u017cy - Sklep Sprzeda\u017c i Wynajem - Rollmasa\u017c, Roller, Roletic, Masa\u017c, Masa\u017c Limfatyczny, Studio Figura, Masa\u017cer, Producent rollmasa\u017cy, Rolki, Urz\u0105dzenia do Masa\u017cu, Drena\u017c Limfatyczny","article_modified_time":"2022-02-15T14:05:24+00:00","twitter_card":"summary_large_image","twitter_misc":{"Szacowany czas czytania":"1 minuta"},"schema":{"@context":"https:\/\/schema.org","@graph":[{"@type":"WebPage","@id":"https:\/\/ajrest.pl\/sklep\/moje-konto\/","url":"https:\/\/ajrest.pl\/sklep\/moje-konto\/","name":"Rollmasa\u017cery sklep i wypo\u017cyczalnia. Zam\u00f3w Rollmasa\u017cer! Masa\u017cery.","isPartOf":{"@id":"https:\/\/ajrest.pl\/sklep\/#website"},"datePublished":"2021-06-11T02:02:17+00:00","dateModified":"2022-02-15T14:05:24+00:00","description":"Masa\u017cery najwy\u017cszej jako\u015bci. Kup lub wypo\u017cycz masa\u017cer i pozb\u0105d\u017a si\u0119 cellulitu. Oferujemy sprzeda\u017c i wynajem rollmasa\u017cer\u00f3w.","inLanguage":"pl-PL","potentialAction":[{"@type":"ReadAction","target":["https:\/\/ajrest.pl\/sklep\/moje-konto\/"]}]},{"@type":"WebSite","@id":"https:\/\/ajrest.pl\/sklep\/#website","url":"https:\/\/ajrest.pl\/sklep\/","name":"Producent Rollmasa\u017cy - Sklep Sprzeda\u017c i Wynajem - Rollmasa\u017c, Roller, Roletic, Masa\u017c, Masa\u017c Limfatyczny, Studio Figura, Masa\u017cer, Producent rollmasa\u017cy, Rolki, Urz\u0105dzenia do Masa\u017cu, Drena\u017c Limfatyczny","description":"Producent Rollmasa\u017cer\u00f3w - Sklep Sprzeda\u017c i Wynajem - Rollmasa\u017c, Roller, Roletic, Masa\u017c, Studio Figura, Masa\u017c Limfatyczny, Masa\u017cer, Producent rollmasa\u017cy, Rolki, Urz\u0105dzenia do Masa\u017cu, Drena\u017c Limfatyczny","publisher":{"@id":"https:\/\/ajrest.pl\/sklep\/#organization"},"potentialAction":[{"@type":"SearchAction","target":{"@type":"EntryPoint","urlTemplate":"https:\/\/ajrest.pl\/sklep\/?s={search_term_string}"},"query-input":{"@type":"PropertyValueSpecification","valueRequired":true,"valueName":"search_term_string"}}],"inLanguage":"pl-PL"},{"@type":"Organization","@id":"https:\/\/ajrest.pl\/sklep\/#organization","name":"Producent Rollmasa\u017cy - Sklep Sprzeda\u017c i Wynajem - Rollmasa\u017c, Roller, Roletic, Masa\u017c, Masa\u017c Limfatyczny, Studio Figura, Masa\u017cer, Producent rollmasa\u017cy, Rolki, Urz\u0105dzenia do Masa\u017cu, Drena\u017c Limfatyczny","url":"https:\/\/ajrest.pl\/sklep\/","logo":{"@type":"ImageObject","inLanguage":"pl-PL","@id":"https:\/\/ajrest.pl\/sklep\/#\/schema\/logo\/image\/","url":"https:\/\/ajrest.pl\/sklep\/wp-content\/uploads\/sites\/2\/2022\/01\/BE-FIT-AND-HEALTH-ROLL-YOURSELF-1-e1642423074585.png","contentUrl":"https:\/\/ajrest.pl\/sklep\/wp-content\/uploads\/sites\/2\/2022\/01\/BE-FIT-AND-HEALTH-ROLL-YOURSELF-1-e1642423074585.png","width":500,"height":138,"caption":"Producent Rollmasa\u017cy - Sklep Sprzeda\u017c i Wynajem - Rollmasa\u017c, Roller, Roletic, Masa\u017c, Masa\u017c Limfatyczny, Studio Figura, Masa\u017cer, Producent rollmasa\u017cy, Rolki, Urz\u0105dzenia do Masa\u017cu, Drena\u017c Limfatyczny"},"image":{"@id":"https:\/\/ajrest.pl\/sklep\/#\/schema\/logo\/image\/"}}]}},"_links":{"self":[{"href":"https:\/\/ajrest.pl\/sklep\/wp-json\/wp\/v2\/pages\/8","targetHints":{"allow":["GET"]}}],"collection":[{"href":"https:\/\/ajrest.pl\/sklep\/wp-json\/wp\/v2\/pages"}],"about":[{"href":"https:\/\/ajrest.pl\/sklep\/wp-json\/wp\/v2\/types\/page"}],"author":[{"embeddable":true,"href":"https:\/\/ajrest.pl\/sklep\/wp-json\/wp\/v2\/users\/1"}],"replies":[{"embeddable":true,"href":"https:\/\/ajrest.pl\/sklep\/wp-json\/wp\/v2\/comments?post=8"}],"version-history":[{"count":0,"href":"https:\/\/ajrest.pl\/sklep\/wp-json\/wp\/v2\/pages\/8\/revisions"}],"wp:attachment":[{"href":"https:\/\/ajrest.pl\/sklep\/wp-json\/wp\/v2\/media?parent=8"}],"curies":[{"name":"wp","href":"https:\/\/api.w.org\/{rel}","templated":true}]}}