{"id":6,"date":"2021-06-11T04:02:17","date_gmt":"2021-06-11T02:02:17","guid":{"rendered":"https:\/\/ajrest.pl\/sklep\/koszyk\/"},"modified":"2026-01-07T14:49:56","modified_gmt":"2026-01-07T13:49:56","slug":"koszyk","status":"publish","type":"page","link":"https:\/\/ajrest.pl\/sklep\/koszyk\/","title":{"rendered":""},"content":{"rendered":"\t\t<div data-elementor-type=\"wp-page\" data-elementor-id=\"6\" class=\"elementor elementor-6\" data-elementor-settings=\"{&quot;ha_cmc_init_switcher&quot;:&quot;no&quot;}\" data-elementor-post-type=\"page\">\n\t\t\t\t\t\t<section class=\"elementor-section elementor-top-section elementor-element elementor-element-676d352a elementor-section-boxed elementor-section-height-default elementor-section-height-default\" data-id=\"676d352a\" data-element_type=\"section\" data-e-type=\"section\" data-settings=\"{&quot;_ha_eqh_enable&quot;:false}\">\n\t\t\t\t\t\t<div class=\"elementor-container elementor-column-gap-default\">\n\t\t\t\t\t<div class=\"elementor-column elementor-col-100 elementor-top-column elementor-element elementor-element-c665d0d\" data-id=\"c665d0d\" data-element_type=\"column\" data-e-type=\"column\">\n\t\t\t<div class=\"elementor-widget-wrap elementor-element-populated\">\n\t\t\t\t\t\t<div class=\"elementor-element elementor-element-5f064afd ha-has-bg-overlay elementor-widget elementor-widget-text-editor\" data-id=\"5f064afd\" data-element_type=\"widget\" data-e-type=\"widget\" data-widget_type=\"text-editor.default\">\n\t\t\t\t<div class=\"elementor-widget-container\">\n\t\t\t\t\t\t\t\t\t<div class=\"woocommerce\">\n<div class=\"woocommerce-notices-wrapper\"><\/div>\n<div class=\"wc-empty-cart-message\">\n<div class=\"cart-empty woocommerce-info\" role=\"status\">\n\t\tTw\u00f3j koszyk aktualnie jest pusty.\t<\/div>\n<\/div>\n<p class=\"return-to-shop\">\n\t\t<a class=\"button wc-backward\" href=\"https:\/\/ajrest.pl\/sklep\/\"><br \/>\n\t\t\tWr\u00f3\u0107 do sklepu\t\t<\/a>\n\t<\/p>\n<\/div>\n\t\t\t\t\t\t\t\t<\/div>\n\t\t\t\t<\/div>\n\t\t\t\t\t<\/div>\n\t\t<\/div>\n\t\t\t\t\t<\/div>\n\t\t<\/section>\n\t\t\t\t<\/div>\n\t\t","protected":false},"excerpt":{"rendered":"","protected":false},"author":1,"featured_media":0,"parent":0,"menu_order":0,"comment_status":"closed","ping_status":"closed","template":"","meta":{"_acf_changed":false,"footnotes":""},"class_list":["post-6","page","type-page","status-publish","hentry"],"acf":[],"yoast_head":"<!-- This site is optimized with the Yoast SEO plugin v27.0 - https:\/\/yoast.com\/product\/yoast-seo-wordpress\/ -->\n<title>Masa\u017cery sklep i wypo\u017cyczalnia. Zam\u00f3w! Rollmasa\u017cery, Rolletic, Body Roll<\/title>\n<meta name=\"description\" content=\"Masa\u017cery do cia\u0142a. Odwied\u017a nasz sklep i wypo\u017cyczalni\u0119 z rollmasa\u017cerami. Oferujemy profesjonalne urz\u0105dzenia do masa\u017cu limfatycznego.\" \/>\n<meta name=\"robots\" content=\"noindex, nofollow\" \/>\n<meta property=\"og:locale\" content=\"pl_PL\" \/>\n<meta property=\"og:type\" content=\"article\" \/>\n<meta property=\"og:title\" content=\"Masa\u017cery sklep i wypo\u017cyczalnia. Zam\u00f3w! Rollmasa\u017cery, Rolletic, Body Roll\" \/>\n<meta property=\"og:description\" content=\"Masa\u017cery do cia\u0142a. Odwied\u017a nasz sklep i wypo\u017cyczalni\u0119 z rollmasa\u017cerami. Oferujemy profesjonalne urz\u0105dzenia do masa\u017cu limfatycznego.\" \/>\n<meta property=\"og:url\" content=\"https:\/\/ajrest.pl\/sklep\/koszyk\/\" \/>\n<meta property=\"og:site_name\" content=\"Producent Rollmasa\u017cy - Sklep Sprzeda\u017c i Wynajem - Rollmasa\u017c, Roller, Roletic, Masa\u017c, Masa\u017c Limfatyczny, Studio Figura, Masa\u017cer, Producent rollmasa\u017cy, Rolki, Urz\u0105dzenia do Masa\u017cu, Drena\u017c Limfatyczny\" \/>\n<meta property=\"article:modified_time\" content=\"2026-01-07T13:49:56+00:00\" \/>\n<meta name=\"twitter:card\" content=\"summary_large_image\" \/>\n<meta name=\"twitter:label1\" content=\"Szacowany czas czytania\" \/>\n\t<meta name=\"twitter:data1\" content=\"1 minuta\" \/>\n<script type=\"application\/ld+json\" class=\"yoast-schema-graph\">{\"@context\":\"https:\/\/schema.org\",\"@graph\":[{\"@type\":\"WebPage\",\"@id\":\"https:\/\/ajrest.pl\/sklep\/koszyk\/\",\"url\":\"https:\/\/ajrest.pl\/sklep\/koszyk\/\",\"name\":\"Masa\u017cery sklep i wypo\u017cyczalnia. Zam\u00f3w! Rollmasa\u017cery, Rolletic, Body Roll\",\"isPartOf\":{\"@id\":\"https:\/\/ajrest.pl\/sklep\/#website\"},\"datePublished\":\"2021-06-11T02:02:17+00:00\",\"dateModified\":\"2026-01-07T13:49:56+00:00\",\"description\":\"Masa\u017cery do cia\u0142a. Odwied\u017a nasz sklep i wypo\u017cyczalni\u0119 z rollmasa\u017cerami. Oferujemy profesjonalne urz\u0105dzenia do masa\u017cu limfatycznego.\",\"inLanguage\":\"pl-PL\",\"potentialAction\":[{\"@type\":\"ReadAction\",\"target\":[\"https:\/\/ajrest.pl\/sklep\/koszyk\/\"]}]},{\"@type\":\"WebSite\",\"@id\":\"https:\/\/ajrest.pl\/sklep\/#website\",\"url\":\"https:\/\/ajrest.pl\/sklep\/\",\"name\":\"Producent Rollmasa\u017cy - Sklep Sprzeda\u017c i Wynajem - Rollmasa\u017c, Roller, Roletic, Masa\u017c, Masa\u017c Limfatyczny, Studio Figura, Masa\u017cer, Producent rollmasa\u017cy, Rolki, Urz\u0105dzenia do Masa\u017cu, Drena\u017c Limfatyczny\",\"description\":\"Producent Rollmasa\u017cer\u00f3w - Sklep Sprzeda\u017c i Wynajem - Rollmasa\u017c, Roller, Roletic, Masa\u017c, Studio Figura, Masa\u017c Limfatyczny, Masa\u017cer, Producent rollmasa\u017cy, Rolki, Urz\u0105dzenia do Masa\u017cu, Drena\u017c Limfatyczny\",\"publisher\":{\"@id\":\"https:\/\/ajrest.pl\/sklep\/#organization\"},\"potentialAction\":[{\"@type\":\"SearchAction\",\"target\":{\"@type\":\"EntryPoint\",\"urlTemplate\":\"https:\/\/ajrest.pl\/sklep\/?s={search_term_string}\"},\"query-input\":{\"@type\":\"PropertyValueSpecification\",\"valueRequired\":true,\"valueName\":\"search_term_string\"}}],\"inLanguage\":\"pl-PL\"},{\"@type\":\"Organization\",\"@id\":\"https:\/\/ajrest.pl\/sklep\/#organization\",\"name\":\"Producent Rollmasa\u017cy - Sklep Sprzeda\u017c i Wynajem - Rollmasa\u017c, Roller, Roletic, Masa\u017c, Masa\u017c Limfatyczny, Studio Figura, Masa\u017cer, Producent rollmasa\u017cy, Rolki, Urz\u0105dzenia do Masa\u017cu, Drena\u017c Limfatyczny\",\"url\":\"https:\/\/ajrest.pl\/sklep\/\",\"logo\":{\"@type\":\"ImageObject\",\"inLanguage\":\"pl-PL\",\"@id\":\"https:\/\/ajrest.pl\/sklep\/#\/schema\/logo\/image\/\",\"url\":\"https:\/\/ajrest.pl\/sklep\/wp-content\/uploads\/sites\/2\/2022\/01\/BE-FIT-AND-HEALTH-ROLL-YOURSELF-1-e1642423074585.png\",\"contentUrl\":\"https:\/\/ajrest.pl\/sklep\/wp-content\/uploads\/sites\/2\/2022\/01\/BE-FIT-AND-HEALTH-ROLL-YOURSELF-1-e1642423074585.png\",\"width\":500,\"height\":138,\"caption\":\"Producent Rollmasa\u017cy - Sklep Sprzeda\u017c i Wynajem - Rollmasa\u017c, Roller, Roletic, Masa\u017c, Masa\u017c Limfatyczny, Studio Figura, Masa\u017cer, Producent rollmasa\u017cy, Rolki, Urz\u0105dzenia do Masa\u017cu, Drena\u017c Limfatyczny\"},\"image\":{\"@id\":\"https:\/\/ajrest.pl\/sklep\/#\/schema\/logo\/image\/\"}}]}<\/script>\n<!-- \/ Yoast SEO plugin. -->","yoast_head_json":{"title":"Masa\u017cery sklep i wypo\u017cyczalnia. Zam\u00f3w! Rollmasa\u017cery, Rolletic, Body Roll","description":"Masa\u017cery do cia\u0142a. Odwied\u017a nasz sklep i wypo\u017cyczalni\u0119 z rollmasa\u017cerami. Oferujemy profesjonalne urz\u0105dzenia do masa\u017cu limfatycznego.","robots":{"index":"noindex","follow":"nofollow"},"og_locale":"pl_PL","og_type":"article","og_title":"Masa\u017cery sklep i wypo\u017cyczalnia. Zam\u00f3w! Rollmasa\u017cery, Rolletic, Body Roll","og_description":"Masa\u017cery do cia\u0142a. Odwied\u017a nasz sklep i wypo\u017cyczalni\u0119 z rollmasa\u017cerami. Oferujemy profesjonalne urz\u0105dzenia do masa\u017cu limfatycznego.","og_url":"https:\/\/ajrest.pl\/sklep\/koszyk\/","og_site_name":"Producent Rollmasa\u017cy - Sklep Sprzeda\u017c i Wynajem - Rollmasa\u017c, Roller, Roletic, Masa\u017c, Masa\u017c Limfatyczny, Studio Figura, Masa\u017cer, Producent rollmasa\u017cy, Rolki, Urz\u0105dzenia do Masa\u017cu, Drena\u017c Limfatyczny","article_modified_time":"2026-01-07T13:49:56+00:00","twitter_card":"summary_large_image","twitter_misc":{"Szacowany czas czytania":"1 minuta"},"schema":{"@context":"https:\/\/schema.org","@graph":[{"@type":"WebPage","@id":"https:\/\/ajrest.pl\/sklep\/koszyk\/","url":"https:\/\/ajrest.pl\/sklep\/koszyk\/","name":"Masa\u017cery sklep i wypo\u017cyczalnia. Zam\u00f3w! Rollmasa\u017cery, Rolletic, Body Roll","isPartOf":{"@id":"https:\/\/ajrest.pl\/sklep\/#website"},"datePublished":"2021-06-11T02:02:17+00:00","dateModified":"2026-01-07T13:49:56+00:00","description":"Masa\u017cery do cia\u0142a. Odwied\u017a nasz sklep i wypo\u017cyczalni\u0119 z rollmasa\u017cerami. Oferujemy profesjonalne urz\u0105dzenia do masa\u017cu limfatycznego.","inLanguage":"pl-PL","potentialAction":[{"@type":"ReadAction","target":["https:\/\/ajrest.pl\/sklep\/koszyk\/"]}]},{"@type":"WebSite","@id":"https:\/\/ajrest.pl\/sklep\/#website","url":"https:\/\/ajrest.pl\/sklep\/","name":"Producent Rollmasa\u017cy - Sklep Sprzeda\u017c i Wynajem - Rollmasa\u017c, Roller, Roletic, Masa\u017c, Masa\u017c Limfatyczny, Studio Figura, Masa\u017cer, Producent rollmasa\u017cy, Rolki, Urz\u0105dzenia do Masa\u017cu, Drena\u017c Limfatyczny","description":"Producent Rollmasa\u017cer\u00f3w - Sklep Sprzeda\u017c i Wynajem - Rollmasa\u017c, Roller, Roletic, Masa\u017c, Studio Figura, Masa\u017c Limfatyczny, Masa\u017cer, Producent rollmasa\u017cy, Rolki, Urz\u0105dzenia do Masa\u017cu, Drena\u017c Limfatyczny","publisher":{"@id":"https:\/\/ajrest.pl\/sklep\/#organization"},"potentialAction":[{"@type":"SearchAction","target":{"@type":"EntryPoint","urlTemplate":"https:\/\/ajrest.pl\/sklep\/?s={search_term_string}"},"query-input":{"@type":"PropertyValueSpecification","valueRequired":true,"valueName":"search_term_string"}}],"inLanguage":"pl-PL"},{"@type":"Organization","@id":"https:\/\/ajrest.pl\/sklep\/#organization","name":"Producent Rollmasa\u017cy - Sklep Sprzeda\u017c i Wynajem - Rollmasa\u017c, Roller, Roletic, Masa\u017c, Masa\u017c Limfatyczny, Studio Figura, Masa\u017cer, Producent rollmasa\u017cy, Rolki, Urz\u0105dzenia do Masa\u017cu, Drena\u017c Limfatyczny","url":"https:\/\/ajrest.pl\/sklep\/","logo":{"@type":"ImageObject","inLanguage":"pl-PL","@id":"https:\/\/ajrest.pl\/sklep\/#\/schema\/logo\/image\/","url":"https:\/\/ajrest.pl\/sklep\/wp-content\/uploads\/sites\/2\/2022\/01\/BE-FIT-AND-HEALTH-ROLL-YOURSELF-1-e1642423074585.png","contentUrl":"https:\/\/ajrest.pl\/sklep\/wp-content\/uploads\/sites\/2\/2022\/01\/BE-FIT-AND-HEALTH-ROLL-YOURSELF-1-e1642423074585.png","width":500,"height":138,"caption":"Producent Rollmasa\u017cy - Sklep Sprzeda\u017c i Wynajem - Rollmasa\u017c, Roller, Roletic, Masa\u017c, Masa\u017c Limfatyczny, Studio Figura, Masa\u017cer, Producent rollmasa\u017cy, Rolki, Urz\u0105dzenia do Masa\u017cu, Drena\u017c Limfatyczny"},"image":{"@id":"https:\/\/ajrest.pl\/sklep\/#\/schema\/logo\/image\/"}}]}},"_links":{"self":[{"href":"https:\/\/ajrest.pl\/sklep\/wp-json\/wp\/v2\/pages\/6","targetHints":{"allow":["GET"]}}],"collection":[{"href":"https:\/\/ajrest.pl\/sklep\/wp-json\/wp\/v2\/pages"}],"about":[{"href":"https:\/\/ajrest.pl\/sklep\/wp-json\/wp\/v2\/types\/page"}],"author":[{"embeddable":true,"href":"https:\/\/ajrest.pl\/sklep\/wp-json\/wp\/v2\/users\/1"}],"replies":[{"embeddable":true,"href":"https:\/\/ajrest.pl\/sklep\/wp-json\/wp\/v2\/comments?post=6"}],"version-history":[{"count":1,"href":"https:\/\/ajrest.pl\/sklep\/wp-json\/wp\/v2\/pages\/6\/revisions"}],"predecessor-version":[{"id":9553,"href":"https:\/\/ajrest.pl\/sklep\/wp-json\/wp\/v2\/pages\/6\/revisions\/9553"}],"wp:attachment":[{"href":"https:\/\/ajrest.pl\/sklep\/wp-json\/wp\/v2\/media?parent=6"}],"curies":[{"name":"wp","href":"https:\/\/api.w.org\/{rel}","templated":true}]}}